{"id":20204,"date":"2017-10-31T08:00:46","date_gmt":"2017-10-31T13:00:46","guid":{"rendered":"http:\/\/www.cablesnavcar.com\/wordpress\/?page_id=20204"},"modified":"2025-04-09T10:33:52","modified_gmt":"2025-04-09T15:33:52","slug":"mangueras-de-freno","status":"publish","type":"page","link":"https:\/\/www.cablesnavcar.com\/wordpress\/mangueras-de-freno\/","title":{"rendered":"Mangueras de Freno"},"content":{"rendered":"\t\t<div data-elementor-type=\"wp-post\" data-elementor-id=\"20204\" class=\"elementor elementor-20204 elementor-bc-flex-widget\">\n\t\t\t\t\t\t<section class=\"elementor-section elementor-top-section elementor-element elementor-element-8ea052f elementor-section-boxed elementor-section-height-default elementor-section-height-default\" data-id=\"8ea052f\" data-element_type=\"section\">\n\t\t\t\t\t\t<div class=\"elementor-container elementor-column-gap-default\">\n\t\t\t\t\t<div class=\"elementor-column elementor-col-100 elementor-top-column elementor-element elementor-element-367ec8a\" data-id=\"367ec8a\" data-element_type=\"column\">\n\t\t\t<div class=\"elementor-widget-wrap elementor-element-populated\">\n\t\t\t\t\t\t<div class=\"elementor-element elementor-element-a46afb2 elementor-widget elementor-widget-heading\" data-id=\"a46afb2\" data-element_type=\"widget\" data-widget_type=\"heading.default\">\n\t\t\t\t<div class=\"elementor-widget-container\">\n\t\t\t\t\t<h1 class=\"elementor-heading-title elementor-size-default\">MANGUERAS DE FRENO  Y EMBRAGUE HIDR\u00c1ULICO<\/h1>\t\t\t\t<\/div>\n\t\t\t\t<\/div>\n\t\t\t\t\t<\/div>\n\t\t<\/div>\n\t\t\t\t\t<\/div>\n\t\t<\/section>\n\t\t\t\t<section class=\"elementor-section elementor-top-section elementor-element elementor-element-7cc2479 elementor-section-boxed elementor-section-height-default elementor-section-height-default\" data-id=\"7cc2479\" data-element_type=\"section\">\n\t\t\t\t\t\t<div class=\"elementor-container elementor-column-gap-default\">\n\t\t\t\t\t<div class=\"elementor-column elementor-col-100 elementor-top-column elementor-element elementor-element-392a030\" data-id=\"392a030\" data-element_type=\"column\">\n\t\t\t<div class=\"elementor-widget-wrap elementor-element-populated\">\n\t\t\t\t\t\t<div class=\"elementor-element elementor-element-8e152d6 elementor-widget elementor-widget-image\" data-id=\"8e152d6\" data-element_type=\"widget\" data-widget_type=\"image.default\">\n\t\t\t\t<div class=\"elementor-widget-container\">\n\t\t\t\t\t\t\t\t\t\t\t\t\t\t\t<img fetchpriority=\"high\" decoding=\"async\" width=\"1384\" height=\"363\" src=\"https:\/\/www.cablesnavcar.com\/wordpress\/wp-content\/uploads\/2017\/10\/MANGUERA-I_Mesa-de-trabajo-1.jpg\" class=\"attachment-full size-full wp-image-21338\" alt=\"\" srcset=\"https:\/\/www.cablesnavcar.com\/wordpress\/wp-content\/uploads\/2017\/10\/MANGUERA-I_Mesa-de-trabajo-1.jpg 1384w, https:\/\/www.cablesnavcar.com\/wordpress\/wp-content\/uploads\/2017\/10\/MANGUERA-I_Mesa-de-trabajo-1-300x79.jpg 300w, https:\/\/www.cablesnavcar.com\/wordpress\/wp-content\/uploads\/2017\/10\/MANGUERA-I_Mesa-de-trabajo-1-768x201.jpg 768w, https:\/\/www.cablesnavcar.com\/wordpress\/wp-content\/uploads\/2017\/10\/MANGUERA-I_Mesa-de-trabajo-1-1024x269.jpg 1024w\" sizes=\"(max-width: 1384px) 100vw, 1384px\" \/>\t\t\t\t\t\t\t\t\t\t\t\t\t\t\t<\/div>\n\t\t\t\t<\/div>\n\t\t\t\t\t<\/div>\n\t\t<\/div>\n\t\t\t\t\t<\/div>\n\t\t<\/section>\n\t\t\t\t<section class=\"elementor-section elementor-top-section elementor-element elementor-element-e451d7d elementor-section-boxed elementor-section-height-default elementor-section-height-default\" data-id=\"e451d7d\" data-element_type=\"section\">\n\t\t\t\t\t\t<div class=\"elementor-container elementor-column-gap-default\">\n\t\t\t\t\t<div class=\"elementor-column elementor-col-100 elementor-top-column elementor-element elementor-element-2288cca\" data-id=\"2288cca\" data-element_type=\"column\">\n\t\t\t<div class=\"elementor-widget-wrap elementor-element-populated\">\n\t\t\t\t\t\t<div class=\"elementor-element elementor-element-1b21cfc elementor-widget elementor-widget-text-editor\" data-id=\"1b21cfc\" data-element_type=\"widget\" data-widget_type=\"text-editor.default\">\n\t\t\t\t<div class=\"elementor-widget-container\">\n\t\t\t\t\t\t\t\t\t<p style=\"text-align: center;\"><span style=\"font-size: 14pt;\">Cada pieza de ensamblaje de la manguera del freno y embrague es sometido a pruebas de laboratorio antes de su distribuci\u00f3n para garantizar que cada referencia de producto puede soportar los entornos m\u00e1s hostiles en la v\u00eda y las posibles situaciones de emergencia.<\/span><\/p><p style=\"text-align: center;\"><span style=\"font-size: 14pt;\">Las Mangueras automotrices NAVCAR son compatibles con la norma FMVSS 116 DOT 3, DOT 4 <\/span><br \/><span style=\"font-size: 14pt;\">y la mayor\u00eda de los l\u00edquidos de frenos no derivados de petr\u00f3leo.<\/span><\/p>\t\t\t\t\t\t\t\t<\/div>\n\t\t\t\t<\/div>\n\t\t\t\t\t<\/div>\n\t\t<\/div>\n\t\t\t\t\t<\/div>\n\t\t<\/section>\n\t\t\t\t<section class=\"elementor-section elementor-top-section elementor-element elementor-element-ff52cc0 elementor-section-boxed elementor-section-height-default elementor-section-height-default\" data-id=\"ff52cc0\" data-element_type=\"section\">\n\t\t\t\t\t\t<div class=\"elementor-container elementor-column-gap-default\">\n\t\t\t\t\t<div class=\"elementor-column elementor-col-100 elementor-top-column elementor-element elementor-element-90bc209\" data-id=\"90bc209\" data-element_type=\"column\">\n\t\t\t<div class=\"elementor-widget-wrap elementor-element-populated\">\n\t\t\t\t\t\t<div class=\"elementor-element elementor-element-98a5723 elementor-widget elementor-widget-heading\" data-id=\"98a5723\" data-element_type=\"widget\" data-widget_type=\"heading.default\">\n\t\t\t\t<div class=\"elementor-widget-container\">\n\t\t\t\t\t<h3 class=\"elementor-heading-title elementor-size-default\">TIP\u00b4S DE INSTALACI\u00d3N<\/h3>\t\t\t\t<\/div>\n\t\t\t\t<\/div>\n\t\t\t\t\t<\/div>\n\t\t<\/div>\n\t\t\t\t\t<\/div>\n\t\t<\/section>\n\t\t\t\t<section class=\"elementor-section elementor-top-section elementor-element elementor-element-e63917a elementor-section-boxed elementor-section-height-default elementor-section-height-default\" data-id=\"e63917a\" data-element_type=\"section\">\n\t\t\t\t\t\t<div class=\"elementor-container elementor-column-gap-default\">\n\t\t\t\t\t<div class=\"elementor-column elementor-col-100 elementor-top-column elementor-element elementor-element-150a96a\" data-id=\"150a96a\" data-element_type=\"column\">\n\t\t\t<div class=\"elementor-widget-wrap elementor-element-populated\">\n\t\t\t\t\t\t<div class=\"elementor-element elementor-element-8b082dc elementor-widget elementor-widget-text-editor\" data-id=\"8b082dc\" data-element_type=\"widget\" data-widget_type=\"text-editor.default\">\n\t\t\t\t<div class=\"elementor-widget-container\">\n\t\t\t\t\t\t\t\t\t<p style=\"text-align: justify;\"><span style=\"font-size: 14pt;\">1.Compare la manguera a sustituir con la adquirida NAVCAR en dimensi\u00f3n, longitud y soportes.<\/span><br \/><span style=\"font-size: 14pt;\">2.Instale la manguera roscando el racor m\u00f3vil sobre el terminal de la manguera empleando la herramienta <\/span><br \/><span style=\"font-size: 14pt;\"> precisa, no es necesario usar cintas adhesivas.<\/span><br \/><span style=\"font-size: 14pt;\">3.Fije la manguera a los soportes y ubique los bujes pl\u00e1sticos aislantes de tal manera que no rose con ninguna pieza<\/span><br \/><span style=\"font-size: 14pt;\"> m\u00f3vil del veh\u00edculo.<\/span><br \/><span style=\"font-size: 14pt;\">4.Si el veh\u00edculo posee sistema ABS debe purgarse mediante el scanner correspondiente, y de no tener sistema ABS<\/span><br \/><span style=\"font-size: 14pt;\"> realice el sistema de purgue manual desde el cilindro m\u00e1s lejano al cilindro maestro hasta evacuar todo el aire.<\/span><br \/><span style=\"font-size: 14pt;\">5.Verifique que el l\u00edquido hidr\u00e1ulico utilizado sea el recomendado por el fabricante del automotor, (dot 3 o dot 4).<\/span><br \/><span style=\"font-size: 14pt;\">6.Verifique la inexistencia de fugas en todo el sistema y complete el nivel del dep\u00f3sito del cilindro maestro.<\/span><\/p>\t\t\t\t\t\t\t\t<\/div>\n\t\t\t\t<\/div>\n\t\t\t\t\t<\/div>\n\t\t<\/div>\n\t\t\t\t\t<\/div>\n\t\t<\/section>\n\t\t\t\t<section class=\"elementor-section elementor-top-section elementor-element elementor-element-9ed8e33 elementor-section-boxed elementor-section-height-default elementor-section-height-default\" data-id=\"9ed8e33\" data-element_type=\"section\">\n\t\t\t\t\t\t<div class=\"elementor-container elementor-column-gap-default\">\n\t\t\t\t\t<div class=\"elementor-column elementor-col-50 elementor-top-column elementor-element elementor-element-2492894\" data-id=\"2492894\" data-element_type=\"column\">\n\t\t\t<div class=\"elementor-widget-wrap elementor-element-populated\">\n\t\t\t\t\t\t<div class=\"elementor-element elementor-element-09580a9 elementor-align-center elementor-widget elementor-widget-button\" data-id=\"09580a9\" data-element_type=\"widget\" data-widget_type=\"button.default\">\n\t\t\t\t<div class=\"elementor-widget-container\">\n\t\t\t\t\t\t\t\t\t<div class=\"elementor-button-wrapper\">\n\t\t\t\t\t<a class=\"elementor-button elementor-button-link elementor-size-md\" href=\"https:\/\/www.cablesnavcar.com\/search\/es\/\" target=\"_blank\">\n\t\t\t\t\t\t<span class=\"elementor-button-content-wrapper\">\n\t\t\t\t\t\t<span class=\"elementor-button-icon\">\n\t\t\t\t\t\t\t\t\t<i class=\"fa fa-angellist\" aria-hidden=\"true\"><\/i>\n\t\t\t\t\t\t\t<\/span>\n\t\t\t\t\t\t\t\t\t<span class=\"elementor-button-text\">HAZ TU COMPRA ONLINE \/ BUSCADOR DE  PRODUCTOS<\/span>\n\t\t\t\t\t<\/span>\n\t\t\t\t\t<\/a>\n\t\t\t\t<\/div>\n\t\t\t\t\t\t\t\t<\/div>\n\t\t\t\t<\/div>\n\t\t\t\t\t<\/div>\n\t\t<\/div>\n\t\t\t\t<div class=\"elementor-column elementor-col-50 elementor-top-column elementor-element elementor-element-f90547a\" data-id=\"f90547a\" data-element_type=\"column\">\n\t\t\t<div class=\"elementor-widget-wrap elementor-element-populated\">\n\t\t\t\t\t\t<div class=\"elementor-element elementor-element-610b7cc elementor-button-warning elementor-align-center elementor-widget elementor-widget-button\" data-id=\"610b7cc\" data-element_type=\"widget\" data-widget_type=\"button.default\">\n\t\t\t\t<div class=\"elementor-widget-container\">\n\t\t\t\t\t\t\t\t\t<div class=\"elementor-button-wrapper\">\n\t\t\t\t\t<a class=\"elementor-button elementor-button-link elementor-size-md\" href=\"http:\/\/www.cablesnavcar.com\/wordpress\/contacto\/\">\n\t\t\t\t\t\t<span class=\"elementor-button-content-wrapper\">\n\t\t\t\t\t\t<span class=\"elementor-button-icon\">\n\t\t\t\t\t\t\t\t\t<i class=\"fa fa-handshake-o\" aria-hidden=\"true\"><\/i>\n\t\t\t\t\t\t\t<\/span>\n\t\t\t\t\t\t\t\t\t<span class=\"elementor-button-text\">CONT\u00c1CTANOS! CON GUSTO TE ATENDEMOS<\/span>\n\t\t\t\t\t<\/span>\n\t\t\t\t\t<\/a>\n\t\t\t\t<\/div>\n\t\t\t\t\t\t\t\t<\/div>\n\t\t\t\t<\/div>\n\t\t\t\t\t<\/div>\n\t\t<\/div>\n\t\t\t\t\t<\/div>\n\t\t<\/section>\n\t\t\t\t<\/div>\n\t\t","protected":false},"excerpt":{"rendered":"<p>MANGUERAS DE FRENO Y EMBRAGUE HIDR\u00c1ULICO Cada pieza de ensamblaje de la manguera del freno y embrague es sometido a pruebas de laboratorio antes de su distribuci\u00f3n para garantizar que &#8230;<\/p>\n","protected":false},"author":1,"featured_media":0,"parent":0,"menu_order":0,"comment_status":"closed","ping_status":"closed","template":"","meta":{"_joinchat":[],"footnotes":""},"class_list":["post-20204","page","type-page","status-publish","hentry"],"_links":{"self":[{"href":"https:\/\/www.cablesnavcar.com\/wordpress\/wp-json\/wp\/v2\/pages\/20204","targetHints":{"allow":["GET"]}}],"collection":[{"href":"https:\/\/www.cablesnavcar.com\/wordpress\/wp-json\/wp\/v2\/pages"}],"about":[{"href":"https:\/\/www.cablesnavcar.com\/wordpress\/wp-json\/wp\/v2\/types\/page"}],"author":[{"embeddable":true,"href":"https:\/\/www.cablesnavcar.com\/wordpress\/wp-json\/wp\/v2\/users\/1"}],"replies":[{"embeddable":true,"href":"https:\/\/www.cablesnavcar.com\/wordpress\/wp-json\/wp\/v2\/comments?post=20204"}],"version-history":[{"count":13,"href":"https:\/\/www.cablesnavcar.com\/wordpress\/wp-json\/wp\/v2\/pages\/20204\/revisions"}],"predecessor-version":[{"id":22143,"href":"https:\/\/www.cablesnavcar.com\/wordpress\/wp-json\/wp\/v2\/pages\/20204\/revisions\/22143"}],"wp:attachment":[{"href":"https:\/\/www.cablesnavcar.com\/wordpress\/wp-json\/wp\/v2\/media?parent=20204"}],"curies":[{"name":"wp","href":"https:\/\/api.w.org\/{rel}","templated":true}]}}