{"id":20212,"date":"2017-10-31T11:13:01","date_gmt":"2017-10-31T16:13:01","guid":{"rendered":"http:\/\/www.cablesnavcar.com\/wordpress\/?page_id=20212"},"modified":"2025-04-09T10:59:36","modified_gmt":"2025-04-09T15:59:36","slug":"cables-de-acero","status":"publish","type":"page","link":"https:\/\/www.cablesnavcar.com\/wordpress\/cables-de-acero\/","title":{"rendered":"Cables de Acero"},"content":{"rendered":"\t\t<div data-elementor-type=\"wp-post\" data-elementor-id=\"20212\" class=\"elementor elementor-20212 elementor-bc-flex-widget\">\n\t\t\t\t\t\t<section class=\"elementor-section elementor-top-section elementor-element elementor-element-2535cf4 elementor-section-boxed elementor-section-height-default elementor-section-height-default\" data-id=\"2535cf4\" data-element_type=\"section\">\n\t\t\t\t\t\t<div class=\"elementor-container elementor-column-gap-default\">\n\t\t\t\t\t<div class=\"elementor-column elementor-col-100 elementor-top-column elementor-element elementor-element-c5185e5\" data-id=\"c5185e5\" data-element_type=\"column\">\n\t\t\t<div class=\"elementor-widget-wrap elementor-element-populated\">\n\t\t\t\t\t\t<div class=\"elementor-element elementor-element-696aea9 elementor-widget elementor-widget-heading\" data-id=\"696aea9\" data-element_type=\"widget\" data-widget_type=\"heading.default\">\n\t\t\t\t<div class=\"elementor-widget-container\">\n\t\t\t\t\t<h2 class=\"elementor-heading-title elementor-size-default\">CABLE DE ACERO GALVANIZADO, INOXIDABLE, ALQUITRANADO Y PLASTIFICADO<\/h2>\t\t\t\t<\/div>\n\t\t\t\t<\/div>\n\t\t\t\t\t<\/div>\n\t\t<\/div>\n\t\t\t\t\t<\/div>\n\t\t<\/section>\n\t\t\t\t<section class=\"elementor-section elementor-top-section elementor-element elementor-element-9ffc354 elementor-section-boxed elementor-section-height-default elementor-section-height-default\" data-id=\"9ffc354\" data-element_type=\"section\">\n\t\t\t\t\t\t<div class=\"elementor-container elementor-column-gap-default\">\n\t\t\t\t\t<div class=\"elementor-column elementor-col-100 elementor-top-column elementor-element elementor-element-822c11a\" data-id=\"822c11a\" data-element_type=\"column\">\n\t\t\t<div class=\"elementor-widget-wrap elementor-element-populated\">\n\t\t\t\t\t\t<div class=\"elementor-element elementor-element-a2a0af8 elementor-widget elementor-widget-text-editor\" data-id=\"a2a0af8\" data-element_type=\"widget\" data-widget_type=\"text-editor.default\">\n\t\t\t\t<div class=\"elementor-widget-container\">\n\t\t\t\t\t\t\t\t\t<h5><span style=\"font-size: 14pt;\">Somos l\u00ecderes en la distribuci\u00f3n de cable de acero galvanizado, plastificado e inoxidable de las m\u00e1s alta calidad aisi 316 en diferentes d\u00edametros y construcciones, utilizados para distintas aplicaciones en condiciones ambientales de alta corrosi\u00f3n.<\/span><\/h5>\t\t\t\t\t\t\t\t<\/div>\n\t\t\t\t<\/div>\n\t\t\t\t\t<\/div>\n\t\t<\/div>\n\t\t\t\t\t<\/div>\n\t\t<\/section>\n\t\t\t\t<section class=\"elementor-section elementor-top-section elementor-element elementor-element-f73da14 elementor-section-boxed elementor-section-height-default elementor-section-height-default\" data-id=\"f73da14\" data-element_type=\"section\">\n\t\t\t\t\t\t<div class=\"elementor-container elementor-column-gap-extended\">\n\t\t\t\t\t<div class=\"elementor-column elementor-col-33 elementor-top-column elementor-element elementor-element-809e6cb\" data-id=\"809e6cb\" data-element_type=\"column\">\n\t\t\t<div class=\"elementor-widget-wrap elementor-element-populated\">\n\t\t\t\t\t\t<div class=\"elementor-element elementor-element-e370b80 elementor-widget elementor-widget-image\" data-id=\"e370b80\" data-element_type=\"widget\" data-widget_type=\"image.default\">\n\t\t\t\t<div class=\"elementor-widget-container\">\n\t\t\t\t\t\t\t\t\t\t\t\t\t\t\t<img fetchpriority=\"high\" decoding=\"async\" width=\"730\" height=\"548\" src=\"https:\/\/www.cablesnavcar.com\/wordpress\/wp-content\/uploads\/2017\/10\/carretes.jpg\" class=\"attachment-large size-large wp-image-20801\" alt=\"\" srcset=\"https:\/\/www.cablesnavcar.com\/wordpress\/wp-content\/uploads\/2017\/10\/carretes.jpg 730w, https:\/\/www.cablesnavcar.com\/wordpress\/wp-content\/uploads\/2017\/10\/carretes-300x225.jpg 300w, https:\/\/www.cablesnavcar.com\/wordpress\/wp-content\/uploads\/2017\/10\/carretes-380x285.jpg 380w, https:\/\/www.cablesnavcar.com\/wordpress\/wp-content\/uploads\/2017\/10\/carretes-285x214.jpg 285w\" sizes=\"(max-width: 730px) 100vw, 730px\" \/>\t\t\t\t\t\t\t\t\t\t\t\t\t\t\t<\/div>\n\t\t\t\t<\/div>\n\t\t\t\t\t<\/div>\n\t\t<\/div>\n\t\t\t\t<div class=\"elementor-column elementor-col-33 elementor-top-column elementor-element elementor-element-43de500\" data-id=\"43de500\" data-element_type=\"column\">\n\t\t\t<div class=\"elementor-widget-wrap elementor-element-populated\">\n\t\t\t\t\t\t<div class=\"elementor-element elementor-element-f32c674 elementor-widget elementor-widget-image\" data-id=\"f32c674\" data-element_type=\"widget\" data-widget_type=\"image.default\">\n\t\t\t\t<div class=\"elementor-widget-container\">\n\t\t\t\t\t\t\t\t\t\t\t\t\t\t\t<img decoding=\"async\" width=\"800\" height=\"600\" src=\"https:\/\/www.cablesnavcar.com\/wordpress\/wp-content\/uploads\/2017\/10\/g.jpg\" class=\"attachment-large size-large wp-image-20802\" alt=\"\" srcset=\"https:\/\/www.cablesnavcar.com\/wordpress\/wp-content\/uploads\/2017\/10\/g.jpg 800w, https:\/\/www.cablesnavcar.com\/wordpress\/wp-content\/uploads\/2017\/10\/g-300x225.jpg 300w, https:\/\/www.cablesnavcar.com\/wordpress\/wp-content\/uploads\/2017\/10\/g-768x576.jpg 768w, https:\/\/www.cablesnavcar.com\/wordpress\/wp-content\/uploads\/2017\/10\/g-380x285.jpg 380w, https:\/\/www.cablesnavcar.com\/wordpress\/wp-content\/uploads\/2017\/10\/g-285x214.jpg 285w\" sizes=\"(max-width: 800px) 100vw, 800px\" \/>\t\t\t\t\t\t\t\t\t\t\t\t\t\t\t<\/div>\n\t\t\t\t<\/div>\n\t\t\t\t\t<\/div>\n\t\t<\/div>\n\t\t\t\t<div class=\"elementor-column elementor-col-33 elementor-top-column elementor-element elementor-element-14f4389\" data-id=\"14f4389\" data-element_type=\"column\">\n\t\t\t<div class=\"elementor-widget-wrap elementor-element-populated\">\n\t\t\t\t\t\t<div class=\"elementor-element elementor-element-d4afb3f elementor-widget elementor-widget-image\" data-id=\"d4afb3f\" data-element_type=\"widget\" data-widget_type=\"image.default\">\n\t\t\t\t<div class=\"elementor-widget-container\">\n\t\t\t\t\t\t\t\t\t\t\t\t\t\t\t<img decoding=\"async\" width=\"768\" height=\"557\" src=\"https:\/\/www.cablesnavcar.com\/wordpress\/wp-content\/uploads\/2017\/10\/hh-768x557.jpg\" class=\"attachment-medium_large size-medium_large wp-image-20861\" alt=\"\" srcset=\"https:\/\/www.cablesnavcar.com\/wordpress\/wp-content\/uploads\/2017\/10\/hh-768x557.jpg 768w, https:\/\/www.cablesnavcar.com\/wordpress\/wp-content\/uploads\/2017\/10\/hh-300x217.jpg 300w, https:\/\/www.cablesnavcar.com\/wordpress\/wp-content\/uploads\/2017\/10\/hh-1024x742.jpg 1024w, https:\/\/www.cablesnavcar.com\/wordpress\/wp-content\/uploads\/2017\/10\/hh.jpg 2048w\" sizes=\"(max-width: 768px) 100vw, 768px\" \/>\t\t\t\t\t\t\t\t\t\t\t\t\t\t\t<\/div>\n\t\t\t\t<\/div>\n\t\t\t\t\t<\/div>\n\t\t<\/div>\n\t\t\t\t\t<\/div>\n\t\t<\/section>\n\t\t\t\t<section class=\"elementor-section elementor-top-section elementor-element elementor-element-c252acb elementor-section-boxed elementor-section-height-default elementor-section-height-default\" data-id=\"c252acb\" data-element_type=\"section\">\n\t\t\t\t\t\t<div class=\"elementor-container elementor-column-gap-default\">\n\t\t\t\t\t<div class=\"elementor-column elementor-col-100 elementor-top-column elementor-element elementor-element-922f336\" data-id=\"922f336\" data-element_type=\"column\">\n\t\t\t<div class=\"elementor-widget-wrap elementor-element-populated\">\n\t\t\t\t\t\t<div class=\"elementor-element elementor-element-904eb88 elementor-button-warning elementor-align-center elementor-widget elementor-widget-button\" data-id=\"904eb88\" data-element_type=\"widget\" data-widget_type=\"button.default\">\n\t\t\t\t<div class=\"elementor-widget-container\">\n\t\t\t\t\t\t\t\t\t<div class=\"elementor-button-wrapper\">\n\t\t\t\t\t<a class=\"elementor-button elementor-button-link elementor-size-md\" href=\"https:\/\/www.cablesnavcar.com\/wordpress\/contacto\/\">\n\t\t\t\t\t\t<span class=\"elementor-button-content-wrapper\">\n\t\t\t\t\t\t<span class=\"elementor-button-icon\">\n\t\t\t\t\t\t\t\t\t<i class=\"fa fa-handshake-o\" aria-hidden=\"true\"><\/i>\n\t\t\t\t\t\t\t<\/span>\n\t\t\t\t\t\t\t\t\t<span class=\"elementor-button-text\">CONT\u00c1CTANOS! CON GUSTO TE ATENDEMOS<\/span>\n\t\t\t\t\t<\/span>\n\t\t\t\t\t<\/a>\n\t\t\t\t<\/div>\n\t\t\t\t\t\t\t\t<\/div>\n\t\t\t\t<\/div>\n\t\t\t\t\t<\/div>\n\t\t<\/div>\n\t\t\t\t\t<\/div>\n\t\t<\/section>\n\t\t\t\t<\/div>\n\t\t","protected":false},"excerpt":{"rendered":"<p>CABLE DE ACERO GALVANIZADO, INOXIDABLE, ALQUITRANADO Y PLASTIFICADO Somos l\u00ecderes en la distribuci\u00f3n de cable de acero galvanizado, plastificado e inoxidable de las m\u00e1s alta calidad aisi 316 en diferentes &#8230;<\/p>\n","protected":false},"author":1,"featured_media":0,"parent":0,"menu_order":0,"comment_status":"closed","ping_status":"closed","template":"","meta":{"_joinchat":[],"footnotes":""},"class_list":["post-20212","page","type-page","status-publish","hentry"],"_links":{"self":[{"href":"https:\/\/www.cablesnavcar.com\/wordpress\/wp-json\/wp\/v2\/pages\/20212","targetHints":{"allow":["GET"]}}],"collection":[{"href":"https:\/\/www.cablesnavcar.com\/wordpress\/wp-json\/wp\/v2\/pages"}],"about":[{"href":"https:\/\/www.cablesnavcar.com\/wordpress\/wp-json\/wp\/v2\/types\/page"}],"author":[{"embeddable":true,"href":"https:\/\/www.cablesnavcar.com\/wordpress\/wp-json\/wp\/v2\/users\/1"}],"replies":[{"embeddable":true,"href":"https:\/\/www.cablesnavcar.com\/wordpress\/wp-json\/wp\/v2\/comments?post=20212"}],"version-history":[{"count":39,"href":"https:\/\/www.cablesnavcar.com\/wordpress\/wp-json\/wp\/v2\/pages\/20212\/revisions"}],"predecessor-version":[{"id":22183,"href":"https:\/\/www.cablesnavcar.com\/wordpress\/wp-json\/wp\/v2\/pages\/20212\/revisions\/22183"}],"wp:attachment":[{"href":"https:\/\/www.cablesnavcar.com\/wordpress\/wp-json\/wp\/v2\/media?parent=20212"}],"curies":[{"name":"wp","href":"https:\/\/api.w.org\/{rel}","templated":true}]}}