{"id":20498,"date":"2018-08-24T10:41:20","date_gmt":"2018-08-24T15:41:20","guid":{"rendered":"http:\/\/www.cablesnavcar.com\/wordpress\/?page_id=20498"},"modified":"2025-04-09T10:44:00","modified_gmt":"2025-04-09T15:44:00","slug":"politica-de-garantia","status":"publish","type":"page","link":"https:\/\/www.cablesnavcar.com\/wordpress\/politica-de-garantia\/","title":{"rendered":"POL\u00cdTICA DE GARANT\u00cdA"},"content":{"rendered":"<h1><span style=\"font-family: Arial, Helvetica, sans-serif;\">POL\u00cdTICA DE GARANT\u00cdA<\/span><\/h1>\n<p><span style=\"font-family: Arial, Helvetica, sans-serif;\"><strong>NAVCAR S.A.S.<\/strong> garantiza sus productos durante el lapso de seis (6) meses a trav\u00e9s de sus distribuidores y durante el mismo periodo directamente con la f\u00e1brica.<\/span><\/p>\n<p><span style=\"font-family: Arial, Helvetica, sans-serif;\">Esta garant\u00eda corresponde a la compra realizada con factura de compra debidamente adjuntada y sujeta a verificaci\u00f3n previa.<\/span><\/p>\n<p><span style=\"font-family: Arial, Helvetica, sans-serif;\"><strong>NAVCAR S.A.S.<\/strong> solo respaldar\u00e1 las reclamaciones de garant\u00eda sobre unidades de producto que llegasen a presentar fallas de origen (enti\u00e9ndase fabricaci\u00f3n; ensamble o funcionamiento mec\u00e1nico del conjunto o de uno o m\u00e1s de sus componentes) o que el fallo o motivo de reclamaci\u00f3n se haya producido por el uso adecuado y ordenado del producto en cuesti\u00f3n.<\/span><\/p>\n<p><span style=\"font-family: Arial, Helvetica, sans-serif;\">Esta garant\u00eda no tiene valor alguno en el caso de que la falla producida sea por causas diferentes a las anteriormente mencionadas como mala manipulaci\u00f3n o almacenaje inadecuado, instalaci\u00f3n incorrecta o uso diferente al estipulado por el fabricante.<\/span><\/p>\n<p><span style=\"font-family: Arial, Helvetica, sans-serif;\">En caso de ser requerida la reposici\u00f3n, \u00e9sta podr\u00e1 ser tramitada a trav\u00e9s de uno de los representantes comerciales de la compa\u00f1\u00eda o de la l\u00ednea de servicio al cliente para que sea asignado un asesor.<\/span><\/p>\n<p><span style=\"font-family: Arial, Helvetica, sans-serif;\">La misi\u00f3n de <strong>NAVCAR S.A.S.<\/strong> es conseguir la plena satisfacci\u00f3n de todos sus clientes.<\/span><\/p>\n","protected":false},"excerpt":{"rendered":"<p>POL\u00cdTICA DE GARANT\u00cdA NAVCAR S.A.S. garantiza sus productos durante el lapso de seis (6) meses a trav\u00e9s de sus distribuidores y durante el mismo periodo directamente con la f\u00e1brica. Esta &#8230;<\/p>\n","protected":false},"author":1,"featured_media":0,"parent":0,"menu_order":0,"comment_status":"closed","ping_status":"closed","template":"","meta":{"_joinchat":[],"footnotes":""},"class_list":["post-20498","page","type-page","status-publish","hentry"],"_links":{"self":[{"href":"https:\/\/www.cablesnavcar.com\/wordpress\/wp-json\/wp\/v2\/pages\/20498","targetHints":{"allow":["GET"]}}],"collection":[{"href":"https:\/\/www.cablesnavcar.com\/wordpress\/wp-json\/wp\/v2\/pages"}],"about":[{"href":"https:\/\/www.cablesnavcar.com\/wordpress\/wp-json\/wp\/v2\/types\/page"}],"author":[{"embeddable":true,"href":"https:\/\/www.cablesnavcar.com\/wordpress\/wp-json\/wp\/v2\/users\/1"}],"replies":[{"embeddable":true,"href":"https:\/\/www.cablesnavcar.com\/wordpress\/wp-json\/wp\/v2\/comments?post=20498"}],"version-history":[{"count":1,"href":"https:\/\/www.cablesnavcar.com\/wordpress\/wp-json\/wp\/v2\/pages\/20498\/revisions"}],"predecessor-version":[{"id":20499,"href":"https:\/\/www.cablesnavcar.com\/wordpress\/wp-json\/wp\/v2\/pages\/20498\/revisions\/20499"}],"wp:attachment":[{"href":"https:\/\/www.cablesnavcar.com\/wordpress\/wp-json\/wp\/v2\/media?parent=20498"}],"curies":[{"name":"wp","href":"https:\/\/api.w.org\/{rel}","templated":true}]}}