{"id":20552,"date":"2018-10-18T11:39:16","date_gmt":"2018-10-18T16:39:16","guid":{"rendered":"http:\/\/www.cablesnavcar.com\/wordpress\/?page_id=20552"},"modified":"2025-04-09T10:40:59","modified_gmt":"2025-04-09T15:40:59","slug":"eslingas","status":"publish","type":"page","link":"https:\/\/www.cablesnavcar.com\/wordpress\/eslingas\/","title":{"rendered":"Eslingas para carga o sujeci\u00f3n"},"content":{"rendered":"\t\t<div data-elementor-type=\"wp-post\" data-elementor-id=\"20552\" class=\"elementor elementor-20552 elementor-bc-flex-widget\">\n\t\t\t\t\t\t<section class=\"elementor-section elementor-top-section elementor-element elementor-element-4d1dcfe elementor-section-boxed elementor-section-height-default elementor-section-height-default\" data-id=\"4d1dcfe\" data-element_type=\"section\">\n\t\t\t\t\t\t<div class=\"elementor-container elementor-column-gap-default\">\n\t\t\t\t\t<div class=\"elementor-column elementor-col-100 elementor-top-column elementor-element elementor-element-4dc43b7\" data-id=\"4dc43b7\" data-element_type=\"column\">\n\t\t\t<div class=\"elementor-widget-wrap elementor-element-populated\">\n\t\t\t\t\t\t<div class=\"elementor-element elementor-element-665ebc4 elementor-widget elementor-widget-heading\" data-id=\"665ebc4\" data-element_type=\"widget\" data-widget_type=\"heading.default\">\n\t\t\t\t<div class=\"elementor-widget-container\">\n\t\t\t\t\t<h1 class=\"elementor-heading-title elementor-size-default\">ESLINGAS<\/h1>\t\t\t\t<\/div>\n\t\t\t\t<\/div>\n\t\t\t\t\t<\/div>\n\t\t<\/div>\n\t\t\t\t\t<\/div>\n\t\t<\/section>\n\t\t\t\t<section class=\"elementor-section elementor-top-section elementor-element elementor-element-03153f7 elementor-section-boxed elementor-section-height-default elementor-section-height-default\" data-id=\"03153f7\" data-element_type=\"section\">\n\t\t\t\t\t\t<div class=\"elementor-container elementor-column-gap-default\">\n\t\t\t\t\t<div class=\"elementor-column elementor-col-100 elementor-top-column elementor-element elementor-element-ace19c2\" data-id=\"ace19c2\" data-element_type=\"column\">\n\t\t\t<div class=\"elementor-widget-wrap elementor-element-populated\">\n\t\t\t\t\t\t<div class=\"elementor-element elementor-element-39608b1 elementor-widget elementor-widget-text-editor\" data-id=\"39608b1\" data-element_type=\"widget\" data-widget_type=\"text-editor.default\">\n\t\t\t\t<div class=\"elementor-widget-container\">\n\t\t\t\t\t\t\t\t\t<p style=\"text-align: left;\"><span style=\"font-size: 18pt;\"><sup><span style=\"font-family: Arial, Helvetica, sans-serif;\">Distribuimos eslingas de fibras sint\u00e9ticas y resistentes, de alta tenacidad con ciertos acabados y herrajes de tal modo se utilizan para carga o sujeci\u00f3n.\u00a0<\/span><\/sup><\/span><\/p><p style=\"text-align: left;\"><span style=\"font-size: 18pt;\"><sup><span style=\"font-family: Arial, Helvetica, sans-serif;\">Son fabricadas con cinta poliester seg\u00fan normas internacionales, adem\u00e1s los ojos son reforzados brindandole m\u00e1s vida \u00fatil a la eslinga. Asi que, son probadas al doble de su capacidad seg\u00fan norma ASME B 30.9<\/span><\/sup><\/span><\/p><p style=\"text-align: left;\" align=\"justify\"><span style=\"font-size: 18pt;\"><sup><span style=\"font-family: Arial, Helvetica, sans-serif;\">Eslingas 100% poliester alta tenacidad.<\/span><\/sup><\/span><\/p>\t\t\t\t\t\t\t\t<\/div>\n\t\t\t\t<\/div>\n\t\t\t\t\t<\/div>\n\t\t<\/div>\n\t\t\t\t\t<\/div>\n\t\t<\/section>\n\t\t\t\t<section class=\"elementor-section elementor-top-section elementor-element elementor-element-1a6b110 elementor-section-boxed elementor-section-height-default elementor-section-height-default\" data-id=\"1a6b110\" data-element_type=\"section\">\n\t\t\t\t\t\t<div class=\"elementor-container elementor-column-gap-default\">\n\t\t\t\t\t<div class=\"elementor-column elementor-col-100 elementor-top-column elementor-element elementor-element-a57073b\" data-id=\"a57073b\" data-element_type=\"column\">\n\t\t\t<div class=\"elementor-widget-wrap elementor-element-populated\">\n\t\t\t\t\t\t<div class=\"elementor-element elementor-element-c428777 elementor-widget elementor-widget-heading\" data-id=\"c428777\" data-element_type=\"widget\" data-widget_type=\"heading.default\">\n\t\t\t\t<div class=\"elementor-widget-container\">\n\t\t\t\t\t<h2 class=\"elementor-heading-title elementor-size-default\">ESLINGAS PLANAS SIN FIN DE 1 ,2 ,3 y 4 CAPAS<\/h2>\t\t\t\t<\/div>\n\t\t\t\t<\/div>\n\t\t\t\t\t<\/div>\n\t\t<\/div>\n\t\t\t\t\t<\/div>\n\t\t<\/section>\n\t\t\t\t<section class=\"elementor-section elementor-top-section elementor-element elementor-element-3669ca4 elementor-section-boxed elementor-section-height-default elementor-section-height-default\" data-id=\"3669ca4\" data-element_type=\"section\">\n\t\t\t\t\t\t<div class=\"elementor-container elementor-column-gap-default\">\n\t\t\t\t\t<div class=\"elementor-column elementor-col-100 elementor-top-column elementor-element elementor-element-60a8eff\" data-id=\"60a8eff\" data-element_type=\"column\">\n\t\t\t<div class=\"elementor-widget-wrap elementor-element-populated\">\n\t\t\t\t\t\t<div class=\"elementor-element elementor-element-a5e8a90 elementor-widget elementor-widget-image\" data-id=\"a5e8a90\" data-element_type=\"widget\" id=\"Eslingas\" data-widget_type=\"image.default\">\n\t\t\t\t<div class=\"elementor-widget-container\">\n\t\t\t\t\t\t\t\t\t\t\t\t\t\t\t<img fetchpriority=\"high\" decoding=\"async\" width=\"1123\" height=\"485\" src=\"https:\/\/www.cablesnavcar.com\/wordpress\/wp-content\/uploads\/2018\/10\/eslingas-planas-sin-fin_Mesa-de-trabajo-1.jpg\" class=\"attachment-full size-full wp-image-20553\" alt=\"\" srcset=\"https:\/\/www.cablesnavcar.com\/wordpress\/wp-content\/uploads\/2018\/10\/eslingas-planas-sin-fin_Mesa-de-trabajo-1.jpg 1123w, https:\/\/www.cablesnavcar.com\/wordpress\/wp-content\/uploads\/2018\/10\/eslingas-planas-sin-fin_Mesa-de-trabajo-1-300x130.jpg 300w, https:\/\/www.cablesnavcar.com\/wordpress\/wp-content\/uploads\/2018\/10\/eslingas-planas-sin-fin_Mesa-de-trabajo-1-768x332.jpg 768w, https:\/\/www.cablesnavcar.com\/wordpress\/wp-content\/uploads\/2018\/10\/eslingas-planas-sin-fin_Mesa-de-trabajo-1-1024x442.jpg 1024w\" sizes=\"(max-width: 1123px) 100vw, 1123px\" \/>\t\t\t\t\t\t\t\t\t\t\t\t\t\t\t<\/div>\n\t\t\t\t<\/div>\n\t\t\t\t\t<\/div>\n\t\t<\/div>\n\t\t\t\t\t<\/div>\n\t\t<\/section>\n\t\t\t\t<section class=\"elementor-section elementor-top-section elementor-element elementor-element-8bf51ba elementor-section-boxed elementor-section-height-default elementor-section-height-default\" data-id=\"8bf51ba\" data-element_type=\"section\">\n\t\t\t\t\t\t<div class=\"elementor-container elementor-column-gap-default\">\n\t\t\t\t\t<div class=\"elementor-column elementor-col-100 elementor-top-column elementor-element elementor-element-e866316\" data-id=\"e866316\" data-element_type=\"column\">\n\t\t\t<div class=\"elementor-widget-wrap elementor-element-populated\">\n\t\t\t\t\t\t<div class=\"elementor-element elementor-element-6010a20 elementor-widget elementor-widget-image\" data-id=\"6010a20\" data-element_type=\"widget\" data-widget_type=\"image.default\">\n\t\t\t\t<div class=\"elementor-widget-container\">\n\t\t\t\t\t\t\t\t\t\t\t\t\t\t\t<img decoding=\"async\" width=\"1095\" height=\"343\" src=\"https:\/\/www.cablesnavcar.com\/wordpress\/wp-content\/uploads\/2018\/10\/es_Mesa-de-trabajo-1.jpg\" class=\"attachment-full size-full wp-image-20568\" alt=\"\" srcset=\"https:\/\/www.cablesnavcar.com\/wordpress\/wp-content\/uploads\/2018\/10\/es_Mesa-de-trabajo-1.jpg 1095w, https:\/\/www.cablesnavcar.com\/wordpress\/wp-content\/uploads\/2018\/10\/es_Mesa-de-trabajo-1-300x94.jpg 300w, https:\/\/www.cablesnavcar.com\/wordpress\/wp-content\/uploads\/2018\/10\/es_Mesa-de-trabajo-1-768x241.jpg 768w, https:\/\/www.cablesnavcar.com\/wordpress\/wp-content\/uploads\/2018\/10\/es_Mesa-de-trabajo-1-1024x321.jpg 1024w\" sizes=\"(max-width: 1095px) 100vw, 1095px\" \/>\t\t\t\t\t\t\t\t\t\t\t\t\t\t\t<\/div>\n\t\t\t\t<\/div>\n\t\t\t\t\t<\/div>\n\t\t<\/div>\n\t\t\t\t\t<\/div>\n\t\t<\/section>\n\t\t\t\t<section class=\"elementor-section elementor-top-section elementor-element elementor-element-c023b55 elementor-section-boxed elementor-section-height-default elementor-section-height-default\" data-id=\"c023b55\" data-element_type=\"section\">\n\t\t\t\t\t\t<div class=\"elementor-container elementor-column-gap-default\">\n\t\t\t\t\t<div class=\"elementor-column elementor-col-100 elementor-top-column elementor-element elementor-element-bf15c5d\" data-id=\"bf15c5d\" data-element_type=\"column\">\n\t\t\t<div class=\"elementor-widget-wrap elementor-element-populated\">\n\t\t\t\t\t\t<div class=\"elementor-element elementor-element-044993e elementor-widget elementor-widget-image\" data-id=\"044993e\" data-element_type=\"widget\" id=\"Eslingas\" data-widget_type=\"image.default\">\n\t\t\t\t<div class=\"elementor-widget-container\">\n\t\t\t\t\t\t\t\t\t\t\t\t\t\t\t<img decoding=\"async\" width=\"1123\" height=\"505\" src=\"https:\/\/www.cablesnavcar.com\/wordpress\/wp-content\/uploads\/2018\/10\/eslinga-2_Mesa-de-trabajo-1.jpg\" class=\"attachment-full size-full wp-image-20559\" alt=\"\" srcset=\"https:\/\/www.cablesnavcar.com\/wordpress\/wp-content\/uploads\/2018\/10\/eslinga-2_Mesa-de-trabajo-1.jpg 1123w, https:\/\/www.cablesnavcar.com\/wordpress\/wp-content\/uploads\/2018\/10\/eslinga-2_Mesa-de-trabajo-1-300x135.jpg 300w, https:\/\/www.cablesnavcar.com\/wordpress\/wp-content\/uploads\/2018\/10\/eslinga-2_Mesa-de-trabajo-1-768x345.jpg 768w, https:\/\/www.cablesnavcar.com\/wordpress\/wp-content\/uploads\/2018\/10\/eslinga-2_Mesa-de-trabajo-1-1024x460.jpg 1024w\" sizes=\"(max-width: 1123px) 100vw, 1123px\" \/>\t\t\t\t\t\t\t\t\t\t\t\t\t\t\t<\/div>\n\t\t\t\t<\/div>\n\t\t\t\t\t<\/div>\n\t\t<\/div>\n\t\t\t\t\t<\/div>\n\t\t<\/section>\n\t\t\t\t<section class=\"elementor-section elementor-top-section elementor-element elementor-element-2ffdcfb elementor-section-boxed elementor-section-height-default elementor-section-height-default\" data-id=\"2ffdcfb\" data-element_type=\"section\">\n\t\t\t\t\t\t<div class=\"elementor-container elementor-column-gap-default\">\n\t\t\t\t\t<div class=\"elementor-column elementor-col-100 elementor-top-column elementor-element elementor-element-23a7d9b\" data-id=\"23a7d9b\" data-element_type=\"column\">\n\t\t\t<div class=\"elementor-widget-wrap elementor-element-populated\">\n\t\t\t\t\t\t<div class=\"elementor-element elementor-element-74cd9ef elementor-widget elementor-widget-heading\" data-id=\"74cd9ef\" data-element_type=\"widget\" data-widget_type=\"heading.default\">\n\t\t\t\t<div class=\"elementor-widget-container\">\n\t\t\t\t\t<h2 class=\"elementor-heading-title elementor-size-default\">ESLINGAS PLANAS OJO A OJO DE 1 ,2 ,3 y 4 CAPAS<\/h2>\t\t\t\t<\/div>\n\t\t\t\t<\/div>\n\t\t\t\t\t<\/div>\n\t\t<\/div>\n\t\t\t\t\t<\/div>\n\t\t<\/section>\n\t\t\t\t<section class=\"elementor-section elementor-top-section elementor-element elementor-element-3bedee2 elementor-section-boxed elementor-section-height-default elementor-section-height-default\" data-id=\"3bedee2\" data-element_type=\"section\">\n\t\t\t\t\t\t<div class=\"elementor-container elementor-column-gap-default\">\n\t\t\t\t\t<div class=\"elementor-column elementor-col-100 elementor-top-column elementor-element elementor-element-4996b30\" data-id=\"4996b30\" data-element_type=\"column\">\n\t\t\t<div class=\"elementor-widget-wrap elementor-element-populated\">\n\t\t\t\t\t\t<div class=\"elementor-element elementor-element-7fd448f elementor-widget elementor-widget-image\" data-id=\"7fd448f\" data-element_type=\"widget\" data-widget_type=\"image.default\">\n\t\t\t\t<div class=\"elementor-widget-container\">\n\t\t\t\t\t\t\t\t\t\t\t\t\t\t\t<img loading=\"lazy\" decoding=\"async\" width=\"1110\" height=\"486\" src=\"https:\/\/www.cablesnavcar.com\/wordpress\/wp-content\/uploads\/2018\/10\/ESLINGA-OJO-A-OJO_Mesa-de-trabajo-1.jpg\" class=\"attachment-full size-full wp-image-21285\" alt=\"\" srcset=\"https:\/\/www.cablesnavcar.com\/wordpress\/wp-content\/uploads\/2018\/10\/ESLINGA-OJO-A-OJO_Mesa-de-trabajo-1.jpg 1110w, https:\/\/www.cablesnavcar.com\/wordpress\/wp-content\/uploads\/2018\/10\/ESLINGA-OJO-A-OJO_Mesa-de-trabajo-1-300x131.jpg 300w, https:\/\/www.cablesnavcar.com\/wordpress\/wp-content\/uploads\/2018\/10\/ESLINGA-OJO-A-OJO_Mesa-de-trabajo-1-768x336.jpg 768w, https:\/\/www.cablesnavcar.com\/wordpress\/wp-content\/uploads\/2018\/10\/ESLINGA-OJO-A-OJO_Mesa-de-trabajo-1-1024x448.jpg 1024w\" sizes=\"(max-width: 1110px) 100vw, 1110px\" \/>\t\t\t\t\t\t\t\t\t\t\t\t\t\t\t<\/div>\n\t\t\t\t<\/div>\n\t\t\t\t\t<\/div>\n\t\t<\/div>\n\t\t\t\t\t<\/div>\n\t\t<\/section>\n\t\t\t\t<section class=\"elementor-section elementor-top-section elementor-element elementor-element-70213fc elementor-section-boxed elementor-section-height-default elementor-section-height-default\" data-id=\"70213fc\" data-element_type=\"section\">\n\t\t\t\t\t\t<div class=\"elementor-container elementor-column-gap-default\">\n\t\t\t\t\t<div class=\"elementor-column elementor-col-100 elementor-top-column elementor-element elementor-element-18df697\" data-id=\"18df697\" data-element_type=\"column\">\n\t\t\t<div class=\"elementor-widget-wrap elementor-element-populated\">\n\t\t\t\t\t\t<div class=\"elementor-element elementor-element-26aa348 elementor-widget elementor-widget-image\" data-id=\"26aa348\" data-element_type=\"widget\" data-widget_type=\"image.default\">\n\t\t\t\t<div class=\"elementor-widget-container\">\n\t\t\t\t\t\t\t\t\t\t\t\t\t\t\t<img loading=\"lazy\" decoding=\"async\" width=\"800\" height=\"296\" src=\"https:\/\/www.cablesnavcar.com\/wordpress\/wp-content\/uploads\/2018\/10\/JJ_Mesa-de-trabajo-1.jpg\" class=\"attachment-large size-large wp-image-21286\" alt=\"\" srcset=\"https:\/\/www.cablesnavcar.com\/wordpress\/wp-content\/uploads\/2018\/10\/JJ_Mesa-de-trabajo-1.jpg 975w, https:\/\/www.cablesnavcar.com\/wordpress\/wp-content\/uploads\/2018\/10\/JJ_Mesa-de-trabajo-1-300x111.jpg 300w, https:\/\/www.cablesnavcar.com\/wordpress\/wp-content\/uploads\/2018\/10\/JJ_Mesa-de-trabajo-1-768x284.jpg 768w\" sizes=\"(max-width: 800px) 100vw, 800px\" \/>\t\t\t\t\t\t\t\t\t\t\t\t\t\t\t<\/div>\n\t\t\t\t<\/div>\n\t\t\t\t\t<\/div>\n\t\t<\/div>\n\t\t\t\t\t<\/div>\n\t\t<\/section>\n\t\t\t\t<section class=\"elementor-section elementor-top-section elementor-element elementor-element-45fdbc5 elementor-section-boxed elementor-section-height-default elementor-section-height-default\" data-id=\"45fdbc5\" data-element_type=\"section\">\n\t\t\t\t\t\t<div class=\"elementor-container elementor-column-gap-default\">\n\t\t\t\t\t<div class=\"elementor-column elementor-col-100 elementor-top-column elementor-element elementor-element-6ad9cbb\" data-id=\"6ad9cbb\" data-element_type=\"column\">\n\t\t\t<div class=\"elementor-widget-wrap elementor-element-populated\">\n\t\t\t\t\t\t<div class=\"elementor-element elementor-element-bc722b6 elementor-widget elementor-widget-image\" data-id=\"bc722b6\" data-element_type=\"widget\" data-widget_type=\"image.default\">\n\t\t\t\t<div class=\"elementor-widget-container\">\n\t\t\t\t\t\t\t\t\t\t\t\t\t\t\t<img loading=\"lazy\" decoding=\"async\" width=\"1110\" height=\"488\" src=\"https:\/\/www.cablesnavcar.com\/wordpress\/wp-content\/uploads\/2018\/10\/ESLINGA-OJO-A-OJO2_Mesa-de-trabajo-1.jpg\" class=\"attachment-full size-full wp-image-21287\" alt=\"\" srcset=\"https:\/\/www.cablesnavcar.com\/wordpress\/wp-content\/uploads\/2018\/10\/ESLINGA-OJO-A-OJO2_Mesa-de-trabajo-1.jpg 1110w, https:\/\/www.cablesnavcar.com\/wordpress\/wp-content\/uploads\/2018\/10\/ESLINGA-OJO-A-OJO2_Mesa-de-trabajo-1-300x132.jpg 300w, https:\/\/www.cablesnavcar.com\/wordpress\/wp-content\/uploads\/2018\/10\/ESLINGA-OJO-A-OJO2_Mesa-de-trabajo-1-768x338.jpg 768w, https:\/\/www.cablesnavcar.com\/wordpress\/wp-content\/uploads\/2018\/10\/ESLINGA-OJO-A-OJO2_Mesa-de-trabajo-1-1024x450.jpg 1024w\" sizes=\"(max-width: 1110px) 100vw, 1110px\" \/>\t\t\t\t\t\t\t\t\t\t\t\t\t\t\t<\/div>\n\t\t\t\t<\/div>\n\t\t\t\t\t<\/div>\n\t\t<\/div>\n\t\t\t\t\t<\/div>\n\t\t<\/section>\n\t\t\t\t<section class=\"elementor-section elementor-top-section elementor-element elementor-element-9835031 elementor-section-boxed elementor-section-height-default elementor-section-height-default\" data-id=\"9835031\" data-element_type=\"section\">\n\t\t\t\t\t\t<div class=\"elementor-container elementor-column-gap-default\">\n\t\t\t\t\t<div class=\"elementor-column elementor-col-100 elementor-top-column elementor-element elementor-element-07dce27\" data-id=\"07dce27\" data-element_type=\"column\">\n\t\t\t<div class=\"elementor-widget-wrap elementor-element-populated\">\n\t\t\t\t\t\t<div class=\"elementor-element elementor-element-8cd6439 elementor-button-warning elementor-align-center elementor-widget elementor-widget-button\" data-id=\"8cd6439\" data-element_type=\"widget\" data-widget_type=\"button.default\">\n\t\t\t\t<div class=\"elementor-widget-container\">\n\t\t\t\t\t\t\t\t\t<div class=\"elementor-button-wrapper\">\n\t\t\t\t\t<a class=\"elementor-button elementor-button-link elementor-size-md\" href=\"http:\/\/www.cablesnavcar.com\/wordpress\/contacto\/\">\n\t\t\t\t\t\t<span class=\"elementor-button-content-wrapper\">\n\t\t\t\t\t\t<span class=\"elementor-button-icon\">\n\t\t\t\t\t\t\t\t\t<i class=\"fa fa-handshake-o\" aria-hidden=\"true\"><\/i>\n\t\t\t\t\t\t\t<\/span>\n\t\t\t\t\t\t\t\t\t<span class=\"elementor-button-text\">CONT\u00c1CTANOS! CON GUSTO TE ATENDEMOS<\/span>\n\t\t\t\t\t<\/span>\n\t\t\t\t\t<\/a>\n\t\t\t\t<\/div>\n\t\t\t\t\t\t\t\t<\/div>\n\t\t\t\t<\/div>\n\t\t\t\t\t<\/div>\n\t\t<\/div>\n\t\t\t\t\t<\/div>\n\t\t<\/section>\n\t\t\t\t<\/div>\n\t\t","protected":false},"excerpt":{"rendered":"<p>ESLINGAS Distribuimos eslingas de fibras sint\u00e9ticas y resistentes, de alta tenacidad con ciertos acabados y herrajes de tal modo se utilizan para carga o sujeci\u00f3n.&nbsp; Son fabricadas con cinta poliester &#8230;<\/p>\n","protected":false},"author":1,"featured_media":0,"parent":0,"menu_order":0,"comment_status":"closed","ping_status":"closed","template":"elementor_header_footer","meta":{"_joinchat":[],"footnotes":""},"class_list":["post-20552","page","type-page","status-publish","hentry"],"_links":{"self":[{"href":"https:\/\/www.cablesnavcar.com\/wordpress\/wp-json\/wp\/v2\/pages\/20552","targetHints":{"allow":["GET"]}}],"collection":[{"href":"https:\/\/www.cablesnavcar.com\/wordpress\/wp-json\/wp\/v2\/pages"}],"about":[{"href":"https:\/\/www.cablesnavcar.com\/wordpress\/wp-json\/wp\/v2\/types\/page"}],"author":[{"embeddable":true,"href":"https:\/\/www.cablesnavcar.com\/wordpress\/wp-json\/wp\/v2\/users\/1"}],"replies":[{"embeddable":true,"href":"https:\/\/www.cablesnavcar.com\/wordpress\/wp-json\/wp\/v2\/comments?post=20552"}],"version-history":[{"count":31,"href":"https:\/\/www.cablesnavcar.com\/wordpress\/wp-json\/wp\/v2\/pages\/20552\/revisions"}],"predecessor-version":[{"id":22159,"href":"https:\/\/www.cablesnavcar.com\/wordpress\/wp-json\/wp\/v2\/pages\/20552\/revisions\/22159"}],"wp:attachment":[{"href":"https:\/\/www.cablesnavcar.com\/wordpress\/wp-json\/wp\/v2\/media?parent=20552"}],"curies":[{"name":"wp","href":"https:\/\/api.w.org\/{rel}","templated":true}]}}