{"id":21232,"date":"2018-11-14T11:46:42","date_gmt":"2018-11-14T16:46:42","guid":{"rendered":"http:\/\/www.cablesnavcar.com\/wordpress\/?page_id=21232"},"modified":"2025-04-09T10:42:49","modified_gmt":"2025-04-09T15:42:49","slug":"perros-grapas","status":"publish","type":"page","link":"https:\/\/www.cablesnavcar.com\/wordpress\/perros-grapas\/","title":{"rendered":"Perros (Grapas)"},"content":{"rendered":"\t\t<div data-elementor-type=\"wp-post\" data-elementor-id=\"21232\" class=\"elementor elementor-21232 elementor-bc-flex-widget\">\n\t\t\t\t\t\t<section class=\"elementor-section elementor-top-section elementor-element elementor-element-86d8b20 elementor-section-boxed elementor-section-height-default elementor-section-height-default\" data-id=\"86d8b20\" data-element_type=\"section\">\n\t\t\t\t\t\t<div class=\"elementor-container elementor-column-gap-default\">\n\t\t\t\t\t<div class=\"elementor-column elementor-col-100 elementor-top-column elementor-element elementor-element-d2ed627\" data-id=\"d2ed627\" data-element_type=\"column\">\n\t\t\t<div class=\"elementor-widget-wrap elementor-element-populated\">\n\t\t\t\t\t\t<div class=\"elementor-element elementor-element-4904b81 elementor-widget elementor-widget-heading\" data-id=\"4904b81\" data-element_type=\"widget\" data-widget_type=\"heading.default\">\n\t\t\t\t<div class=\"elementor-widget-container\">\n\t\t\t\t\t<h2 class=\"elementor-heading-title elementor-size-default\">PERROS (GRAPAS)<\/h2>\t\t\t\t<\/div>\n\t\t\t\t<\/div>\n\t\t\t\t\t<\/div>\n\t\t<\/div>\n\t\t\t\t\t<\/div>\n\t\t<\/section>\n\t\t\t\t<section class=\"elementor-section elementor-top-section elementor-element elementor-element-e85dd65 elementor-section-boxed elementor-section-height-default elementor-section-height-default\" data-id=\"e85dd65\" data-element_type=\"section\">\n\t\t\t\t\t\t<div class=\"elementor-container elementor-column-gap-default\">\n\t\t\t\t\t<div class=\"elementor-column elementor-col-100 elementor-top-column elementor-element elementor-element-80c37da\" data-id=\"80c37da\" data-element_type=\"column\">\n\t\t\t<div class=\"elementor-widget-wrap elementor-element-populated\">\n\t\t\t\t\t\t<div class=\"elementor-element elementor-element-dffa2cb elementor-widget elementor-widget-heading\" data-id=\"dffa2cb\" data-element_type=\"widget\" data-widget_type=\"heading.default\">\n\t\t\t\t<div class=\"elementor-widget-container\">\n\t\t\t\t\t<h3 class=\"elementor-heading-title elementor-size-default\">PERROS - TR\u00c1FICO LIVIANO (MALEABLES DIN 741)<\/h3>\t\t\t\t<\/div>\n\t\t\t\t<\/div>\n\t\t\t\t\t<\/div>\n\t\t<\/div>\n\t\t\t\t\t<\/div>\n\t\t<\/section>\n\t\t\t\t<section class=\"elementor-section elementor-top-section elementor-element elementor-element-79f5b03 elementor-section-boxed elementor-section-height-default elementor-section-height-default\" data-id=\"79f5b03\" data-element_type=\"section\">\n\t\t\t\t\t\t<div class=\"elementor-container elementor-column-gap-default\">\n\t\t\t\t\t<div class=\"elementor-column elementor-col-100 elementor-top-column elementor-element elementor-element-d7162b8\" data-id=\"d7162b8\" data-element_type=\"column\">\n\t\t\t<div class=\"elementor-widget-wrap elementor-element-populated\">\n\t\t\t\t\t\t<div class=\"elementor-element elementor-element-84c7cb5 elementor-widget elementor-widget-image\" data-id=\"84c7cb5\" data-element_type=\"widget\" data-widget_type=\"image.default\">\n\t\t\t\t<div class=\"elementor-widget-container\">\n\t\t\t\t\t\t\t\t\t\t\t\t\t\t\t<img fetchpriority=\"high\" decoding=\"async\" width=\"1064\" height=\"460\" src=\"https:\/\/www.cablesnavcar.com\/wordpress\/wp-content\/uploads\/2017\/10\/PERROS_Mesa-de-trabajo-1.jpg\" class=\"attachment-full size-full wp-image-21214\" alt=\"\" srcset=\"https:\/\/www.cablesnavcar.com\/wordpress\/wp-content\/uploads\/2017\/10\/PERROS_Mesa-de-trabajo-1.jpg 1064w, https:\/\/www.cablesnavcar.com\/wordpress\/wp-content\/uploads\/2017\/10\/PERROS_Mesa-de-trabajo-1-300x130.jpg 300w, https:\/\/www.cablesnavcar.com\/wordpress\/wp-content\/uploads\/2017\/10\/PERROS_Mesa-de-trabajo-1-768x332.jpg 768w, https:\/\/www.cablesnavcar.com\/wordpress\/wp-content\/uploads\/2017\/10\/PERROS_Mesa-de-trabajo-1-1024x443.jpg 1024w\" sizes=\"(max-width: 1064px) 100vw, 1064px\" \/>\t\t\t\t\t\t\t\t\t\t\t\t\t\t\t<\/div>\n\t\t\t\t<\/div>\n\t\t\t\t\t<\/div>\n\t\t<\/div>\n\t\t\t\t\t<\/div>\n\t\t<\/section>\n\t\t\t\t<section class=\"elementor-section elementor-top-section elementor-element elementor-element-65dbdc5 elementor-section-boxed elementor-section-height-default elementor-section-height-default\" data-id=\"65dbdc5\" data-element_type=\"section\">\n\t\t\t\t\t\t<div class=\"elementor-container elementor-column-gap-default\">\n\t\t\t\t\t<div class=\"elementor-column elementor-col-100 elementor-top-column elementor-element elementor-element-7abcda8\" data-id=\"7abcda8\" data-element_type=\"column\">\n\t\t\t<div class=\"elementor-widget-wrap elementor-element-populated\">\n\t\t\t\t\t\t<div class=\"elementor-element elementor-element-80d3cad elementor-widget elementor-widget-heading\" data-id=\"80d3cad\" data-element_type=\"widget\" data-widget_type=\"heading.default\">\n\t\t\t\t<div class=\"elementor-widget-container\">\n\t\t\t\t\t<h3 class=\"elementor-heading-title elementor-size-default\">PERROS - TR\u00c1FICO PESADO (MALEABLES TIPO U.S)<\/h3>\t\t\t\t<\/div>\n\t\t\t\t<\/div>\n\t\t\t\t\t<\/div>\n\t\t<\/div>\n\t\t\t\t\t<\/div>\n\t\t<\/section>\n\t\t\t\t<section class=\"elementor-section elementor-top-section elementor-element elementor-element-b26762a elementor-section-boxed elementor-section-height-default elementor-section-height-default\" data-id=\"b26762a\" data-element_type=\"section\">\n\t\t\t\t\t\t<div class=\"elementor-container elementor-column-gap-default\">\n\t\t\t\t\t<div class=\"elementor-column elementor-col-100 elementor-top-column elementor-element elementor-element-e8efa58\" data-id=\"e8efa58\" data-element_type=\"column\">\n\t\t\t<div class=\"elementor-widget-wrap elementor-element-populated\">\n\t\t\t\t\t\t<div class=\"elementor-element elementor-element-2b8a5e3 elementor-widget elementor-widget-image\" data-id=\"2b8a5e3\" data-element_type=\"widget\" data-widget_type=\"image.default\">\n\t\t\t\t<div class=\"elementor-widget-container\">\n\t\t\t\t\t\t\t\t\t\t\t\t\t\t\t<img decoding=\"async\" width=\"1034\" height=\"386\" src=\"https:\/\/www.cablesnavcar.com\/wordpress\/wp-content\/uploads\/2017\/10\/PERROS-PESADOS_Mesa-de-trabajo-1_Mesa-de-trabajo-1.jpg\" class=\"attachment-full size-full wp-image-21216\" alt=\"\" srcset=\"https:\/\/www.cablesnavcar.com\/wordpress\/wp-content\/uploads\/2017\/10\/PERROS-PESADOS_Mesa-de-trabajo-1_Mesa-de-trabajo-1.jpg 1034w, https:\/\/www.cablesnavcar.com\/wordpress\/wp-content\/uploads\/2017\/10\/PERROS-PESADOS_Mesa-de-trabajo-1_Mesa-de-trabajo-1-300x112.jpg 300w, https:\/\/www.cablesnavcar.com\/wordpress\/wp-content\/uploads\/2017\/10\/PERROS-PESADOS_Mesa-de-trabajo-1_Mesa-de-trabajo-1-768x287.jpg 768w, https:\/\/www.cablesnavcar.com\/wordpress\/wp-content\/uploads\/2017\/10\/PERROS-PESADOS_Mesa-de-trabajo-1_Mesa-de-trabajo-1-1024x382.jpg 1024w\" sizes=\"(max-width: 1034px) 100vw, 1034px\" \/>\t\t\t\t\t\t\t\t\t\t\t\t\t\t\t<\/div>\n\t\t\t\t<\/div>\n\t\t\t\t\t<\/div>\n\t\t<\/div>\n\t\t\t\t\t<\/div>\n\t\t<\/section>\n\t\t\t\t<section class=\"elementor-section elementor-top-section elementor-element elementor-element-1bd06c2 elementor-section-boxed elementor-section-height-default elementor-section-height-default\" data-id=\"1bd06c2\" data-element_type=\"section\">\n\t\t\t\t\t\t<div class=\"elementor-container elementor-column-gap-default\">\n\t\t\t\t\t<div class=\"elementor-column elementor-col-100 elementor-top-column elementor-element elementor-element-ad813b5\" data-id=\"ad813b5\" data-element_type=\"column\">\n\t\t\t<div class=\"elementor-widget-wrap elementor-element-populated\">\n\t\t\t\t\t\t<div class=\"elementor-element elementor-element-80dc88a elementor-widget elementor-widget-heading\" data-id=\"80dc88a\" data-element_type=\"widget\" data-widget_type=\"heading.default\">\n\t\t\t\t<div class=\"elementor-widget-container\">\n\t\t\t\t\t<h2 class=\"elementor-heading-title elementor-size-default\">PERROS (GRAPAS) INOXIDABLES<\/h2>\t\t\t\t<\/div>\n\t\t\t\t<\/div>\n\t\t\t\t\t<\/div>\n\t\t<\/div>\n\t\t\t\t\t<\/div>\n\t\t<\/section>\n\t\t\t\t<section class=\"elementor-section elementor-top-section elementor-element elementor-element-e050c1f elementor-section-boxed elementor-section-height-default elementor-section-height-default\" data-id=\"e050c1f\" data-element_type=\"section\">\n\t\t\t\t\t\t<div class=\"elementor-container elementor-column-gap-default\">\n\t\t\t\t\t<div class=\"elementor-column elementor-col-100 elementor-top-column elementor-element elementor-element-77d5230\" data-id=\"77d5230\" data-element_type=\"column\">\n\t\t\t<div class=\"elementor-widget-wrap elementor-element-populated\">\n\t\t\t\t\t\t<div class=\"elementor-element elementor-element-311ed8b elementor-widget elementor-widget-heading\" data-id=\"311ed8b\" data-element_type=\"widget\" data-widget_type=\"heading.default\">\n\t\t\t\t<div class=\"elementor-widget-container\">\n\t\t\t\t\t<h3 class=\"elementor-heading-title elementor-size-default\">PERROS ACERO INOXIDABLE AISI 316<\/h3>\t\t\t\t<\/div>\n\t\t\t\t<\/div>\n\t\t\t\t\t<\/div>\n\t\t<\/div>\n\t\t\t\t\t<\/div>\n\t\t<\/section>\n\t\t\t\t<section class=\"elementor-section elementor-top-section elementor-element elementor-element-7970878 elementor-section-boxed elementor-section-height-default elementor-section-height-default\" data-id=\"7970878\" data-element_type=\"section\">\n\t\t\t\t\t\t<div class=\"elementor-container elementor-column-gap-default\">\n\t\t\t\t\t<div class=\"elementor-column elementor-col-100 elementor-top-column elementor-element elementor-element-59cf1fd\" data-id=\"59cf1fd\" data-element_type=\"column\">\n\t\t\t<div class=\"elementor-widget-wrap elementor-element-populated\">\n\t\t\t\t\t\t<div class=\"elementor-element elementor-element-f372804 elementor-widget elementor-widget-image\" data-id=\"f372804\" data-element_type=\"widget\" data-widget_type=\"image.default\">\n\t\t\t\t<div class=\"elementor-widget-container\">\n\t\t\t\t\t\t\t\t\t\t\t\t\t\t\t<img decoding=\"async\" width=\"800\" height=\"294\" src=\"https:\/\/www.cablesnavcar.com\/wordpress\/wp-content\/uploads\/2018\/11\/PERROS-INOX_Mesa-de-trabajo-1.jpg\" class=\"attachment-large size-large wp-image-21233\" alt=\"\" srcset=\"https:\/\/www.cablesnavcar.com\/wordpress\/wp-content\/uploads\/2018\/11\/PERROS-INOX_Mesa-de-trabajo-1.jpg 1022w, https:\/\/www.cablesnavcar.com\/wordpress\/wp-content\/uploads\/2018\/11\/PERROS-INOX_Mesa-de-trabajo-1-300x110.jpg 300w, https:\/\/www.cablesnavcar.com\/wordpress\/wp-content\/uploads\/2018\/11\/PERROS-INOX_Mesa-de-trabajo-1-768x282.jpg 768w\" sizes=\"(max-width: 800px) 100vw, 800px\" \/>\t\t\t\t\t\t\t\t\t\t\t\t\t\t\t<\/div>\n\t\t\t\t<\/div>\n\t\t\t\t\t<\/div>\n\t\t<\/div>\n\t\t\t\t\t<\/div>\n\t\t<\/section>\n\t\t\t\t<section class=\"elementor-section elementor-top-section elementor-element elementor-element-7dbd4c2 elementor-section-boxed elementor-section-height-default elementor-section-height-default\" data-id=\"7dbd4c2\" data-element_type=\"section\">\n\t\t\t\t\t\t<div class=\"elementor-container elementor-column-gap-default\">\n\t\t\t\t\t<div class=\"elementor-column elementor-col-100 elementor-top-column elementor-element elementor-element-ca118ef\" data-id=\"ca118ef\" data-element_type=\"column\">\n\t\t\t<div class=\"elementor-widget-wrap elementor-element-populated\">\n\t\t\t\t\t\t<div class=\"elementor-element elementor-element-c12cbcf elementor-button-warning elementor-align-center elementor-widget elementor-widget-button\" data-id=\"c12cbcf\" data-element_type=\"widget\" data-widget_type=\"button.default\">\n\t\t\t\t<div class=\"elementor-widget-container\">\n\t\t\t\t\t\t\t\t\t<div class=\"elementor-button-wrapper\">\n\t\t\t\t\t<a class=\"elementor-button elementor-button-link elementor-size-md\" href=\"http:\/\/www.cablesnavcar.com\/wordpress\/contacto\/\">\n\t\t\t\t\t\t<span class=\"elementor-button-content-wrapper\">\n\t\t\t\t\t\t<span class=\"elementor-button-icon\">\n\t\t\t\t\t\t\t\t\t<i class=\"fa fa-handshake-o\" aria-hidden=\"true\"><\/i>\n\t\t\t\t\t\t\t<\/span>\n\t\t\t\t\t\t\t\t\t<span class=\"elementor-button-text\">CONT\u00c1CTANOS! CON GUSTO TE ATENDEMOS<\/span>\n\t\t\t\t\t<\/span>\n\t\t\t\t\t<\/a>\n\t\t\t\t<\/div>\n\t\t\t\t\t\t\t\t<\/div>\n\t\t\t\t<\/div>\n\t\t\t\t\t<\/div>\n\t\t<\/div>\n\t\t\t\t\t<\/div>\n\t\t<\/section>\n\t\t\t\t<\/div>\n\t\t","protected":false},"excerpt":{"rendered":"<p>PERROS (GRAPAS) PERROS &#8211; TR\u00c1FICO LIVIANO (MALEABLES DIN 741) PERROS &#8211; TR\u00c1FICO PESADO (MALEABLES TIPO U.S) PERROS (GRAPAS) INOXIDABLES PERROS ACERO INOXIDABLE AISI 316 CONT\u00c1CTANOS! CON GUSTO TE ATENDEMOS<\/p>\n","protected":false},"author":1,"featured_media":0,"parent":0,"menu_order":0,"comment_status":"closed","ping_status":"closed","template":"","meta":{"_joinchat":[],"footnotes":""},"class_list":["post-21232","page","type-page","status-publish","hentry"],"_links":{"self":[{"href":"https:\/\/www.cablesnavcar.com\/wordpress\/wp-json\/wp\/v2\/pages\/21232","targetHints":{"allow":["GET"]}}],"collection":[{"href":"https:\/\/www.cablesnavcar.com\/wordpress\/wp-json\/wp\/v2\/pages"}],"about":[{"href":"https:\/\/www.cablesnavcar.com\/wordpress\/wp-json\/wp\/v2\/types\/page"}],"author":[{"embeddable":true,"href":"https:\/\/www.cablesnavcar.com\/wordpress\/wp-json\/wp\/v2\/users\/1"}],"replies":[{"embeddable":true,"href":"https:\/\/www.cablesnavcar.com\/wordpress\/wp-json\/wp\/v2\/comments?post=21232"}],"version-history":[{"count":4,"href":"https:\/\/www.cablesnavcar.com\/wordpress\/wp-json\/wp\/v2\/pages\/21232\/revisions"}],"predecessor-version":[{"id":22162,"href":"https:\/\/www.cablesnavcar.com\/wordpress\/wp-json\/wp\/v2\/pages\/21232\/revisions\/22162"}],"wp:attachment":[{"href":"https:\/\/www.cablesnavcar.com\/wordpress\/wp-json\/wp\/v2\/media?parent=21232"}],"curies":[{"name":"wp","href":"https:\/\/api.w.org\/{rel}","templated":true}]}}