{"id":21243,"date":"2018-11-14T12:21:45","date_gmt":"2018-11-14T17:21:45","guid":{"rendered":"http:\/\/www.cablesnavcar.com\/wordpress\/?page_id=21243"},"modified":"2025-04-09T10:59:53","modified_gmt":"2025-04-09T15:59:53","slug":"casquillos-y-boton-de-tope-de-aluminio","status":"publish","type":"page","link":"https:\/\/www.cablesnavcar.com\/wordpress\/casquillos-y-boton-de-tope-de-aluminio\/","title":{"rendered":"Casquillos, Bot\u00f3n de Tope de Aluminio y F\u00e9rulas"},"content":{"rendered":"\t\t<div data-elementor-type=\"wp-post\" data-elementor-id=\"21243\" class=\"elementor elementor-21243 elementor-bc-flex-widget\">\n\t\t\t\t\t\t<section class=\"elementor-section elementor-top-section elementor-element elementor-element-f99a693 elementor-section-boxed elementor-section-height-default elementor-section-height-default\" data-id=\"f99a693\" data-element_type=\"section\">\n\t\t\t\t\t\t<div class=\"elementor-container elementor-column-gap-default\">\n\t\t\t\t\t<div class=\"elementor-column elementor-col-100 elementor-top-column elementor-element elementor-element-da72e70\" data-id=\"da72e70\" data-element_type=\"column\">\n\t\t\t<div class=\"elementor-widget-wrap elementor-element-populated\">\n\t\t\t\t\t\t<div class=\"elementor-element elementor-element-e14ff1c elementor-widget elementor-widget-heading\" data-id=\"e14ff1c\" data-element_type=\"widget\" data-widget_type=\"heading.default\">\n\t\t\t\t<div class=\"elementor-widget-container\">\n\t\t\t\t\t<h2 class=\"elementor-heading-title elementor-size-default\">CASQUILLOS DE ALUMINIO PARA CABLE<\/h2>\t\t\t\t<\/div>\n\t\t\t\t<\/div>\n\t\t\t\t\t<\/div>\n\t\t<\/div>\n\t\t\t\t\t<\/div>\n\t\t<\/section>\n\t\t\t\t<section class=\"elementor-section elementor-top-section elementor-element elementor-element-e4bc523 elementor-section-boxed elementor-section-height-default elementor-section-height-default\" data-id=\"e4bc523\" data-element_type=\"section\">\n\t\t\t\t\t\t<div class=\"elementor-container elementor-column-gap-default\">\n\t\t\t\t\t<div class=\"elementor-column elementor-col-100 elementor-top-column elementor-element elementor-element-7cc671d\" data-id=\"7cc671d\" data-element_type=\"column\">\n\t\t\t<div class=\"elementor-widget-wrap elementor-element-populated\">\n\t\t\t\t\t\t<div class=\"elementor-element elementor-element-292b94c elementor-widget elementor-widget-image\" data-id=\"292b94c\" data-element_type=\"widget\" data-widget_type=\"image.default\">\n\t\t\t\t<div class=\"elementor-widget-container\">\n\t\t\t\t\t\t\t\t\t\t\t\t\t\t\t<img fetchpriority=\"high\" decoding=\"async\" width=\"1005\" height=\"318\" src=\"https:\/\/www.cablesnavcar.com\/wordpress\/wp-content\/uploads\/2018\/11\/CASQUILLOS_Mesa-de-trabajo-1.jpg\" class=\"attachment-full size-full wp-image-21244\" alt=\"\" srcset=\"https:\/\/www.cablesnavcar.com\/wordpress\/wp-content\/uploads\/2018\/11\/CASQUILLOS_Mesa-de-trabajo-1.jpg 1005w, https:\/\/www.cablesnavcar.com\/wordpress\/wp-content\/uploads\/2018\/11\/CASQUILLOS_Mesa-de-trabajo-1-300x95.jpg 300w, https:\/\/www.cablesnavcar.com\/wordpress\/wp-content\/uploads\/2018\/11\/CASQUILLOS_Mesa-de-trabajo-1-768x243.jpg 768w\" sizes=\"(max-width: 1005px) 100vw, 1005px\" \/>\t\t\t\t\t\t\t\t\t\t\t\t\t\t\t<\/div>\n\t\t\t\t<\/div>\n\t\t\t\t\t<\/div>\n\t\t<\/div>\n\t\t\t\t\t<\/div>\n\t\t<\/section>\n\t\t\t\t<section class=\"elementor-section elementor-top-section elementor-element elementor-element-27e8d55 elementor-section-boxed elementor-section-height-default elementor-section-height-default\" data-id=\"27e8d55\" data-element_type=\"section\">\n\t\t\t\t\t\t<div class=\"elementor-container elementor-column-gap-default\">\n\t\t\t\t\t<div class=\"elementor-column elementor-col-100 elementor-top-column elementor-element elementor-element-1e9722c\" data-id=\"1e9722c\" data-element_type=\"column\">\n\t\t\t<div class=\"elementor-widget-wrap elementor-element-populated\">\n\t\t\t\t\t\t<div class=\"elementor-element elementor-element-f8b83e6 elementor-widget elementor-widget-heading\" data-id=\"f8b83e6\" data-element_type=\"widget\" data-widget_type=\"heading.default\">\n\t\t\t\t<div class=\"elementor-widget-container\">\n\t\t\t\t\t<h2 class=\"elementor-heading-title elementor-size-default\">BOT\u00d3N DE TOPE EN ALUMINIO PARA CABLE<\/h2>\t\t\t\t<\/div>\n\t\t\t\t<\/div>\n\t\t\t\t\t<\/div>\n\t\t<\/div>\n\t\t\t\t\t<\/div>\n\t\t<\/section>\n\t\t\t\t<section class=\"elementor-section elementor-top-section elementor-element elementor-element-2bcdec6 elementor-section-boxed elementor-section-height-default elementor-section-height-default\" data-id=\"2bcdec6\" data-element_type=\"section\">\n\t\t\t\t\t\t<div class=\"elementor-container elementor-column-gap-default\">\n\t\t\t\t\t<div class=\"elementor-column elementor-col-100 elementor-top-column elementor-element elementor-element-4fbbb02\" data-id=\"4fbbb02\" data-element_type=\"column\">\n\t\t\t<div class=\"elementor-widget-wrap elementor-element-populated\">\n\t\t\t\t\t\t<div class=\"elementor-element elementor-element-a1a7cd0 elementor-widget elementor-widget-image\" data-id=\"a1a7cd0\" data-element_type=\"widget\" data-widget_type=\"image.default\">\n\t\t\t\t<div class=\"elementor-widget-container\">\n\t\t\t\t\t\t\t\t\t\t\t\t\t\t\t<img decoding=\"async\" width=\"838\" height=\"286\" src=\"https:\/\/www.cablesnavcar.com\/wordpress\/wp-content\/uploads\/2018\/11\/BOTON_Mesa-de-trabajo-1.jpg\" class=\"attachment-full size-full wp-image-21245\" alt=\"\" srcset=\"https:\/\/www.cablesnavcar.com\/wordpress\/wp-content\/uploads\/2018\/11\/BOTON_Mesa-de-trabajo-1.jpg 838w, https:\/\/www.cablesnavcar.com\/wordpress\/wp-content\/uploads\/2018\/11\/BOTON_Mesa-de-trabajo-1-300x102.jpg 300w, https:\/\/www.cablesnavcar.com\/wordpress\/wp-content\/uploads\/2018\/11\/BOTON_Mesa-de-trabajo-1-768x262.jpg 768w\" sizes=\"(max-width: 838px) 100vw, 838px\" \/>\t\t\t\t\t\t\t\t\t\t\t\t\t\t\t<\/div>\n\t\t\t\t<\/div>\n\t\t\t\t\t<\/div>\n\t\t<\/div>\n\t\t\t\t\t<\/div>\n\t\t<\/section>\n\t\t\t\t<section class=\"elementor-section elementor-top-section elementor-element elementor-element-f47e833 elementor-section-boxed elementor-section-height-default elementor-section-height-default\" data-id=\"f47e833\" data-element_type=\"section\">\n\t\t\t\t\t\t<div class=\"elementor-container elementor-column-gap-default\">\n\t\t\t\t\t<div class=\"elementor-column elementor-col-100 elementor-top-column elementor-element elementor-element-c3436e4\" data-id=\"c3436e4\" data-element_type=\"column\">\n\t\t\t<div class=\"elementor-widget-wrap elementor-element-populated\">\n\t\t\t\t\t\t<div class=\"elementor-element elementor-element-bc4977c elementor-widget elementor-widget-heading\" data-id=\"bc4977c\" data-element_type=\"widget\" data-widget_type=\"heading.default\">\n\t\t\t\t<div class=\"elementor-widget-container\">\n\t\t\t\t\t<h2 class=\"elementor-heading-title elementor-size-default\">F\u00c9RULAS<\/h2>\t\t\t\t<\/div>\n\t\t\t\t<\/div>\n\t\t\t\t\t<\/div>\n\t\t<\/div>\n\t\t\t\t\t<\/div>\n\t\t<\/section>\n\t\t\t\t<section class=\"elementor-section elementor-top-section elementor-element elementor-element-cc8baf6 elementor-section-boxed elementor-section-height-default elementor-section-height-default\" data-id=\"cc8baf6\" data-element_type=\"section\">\n\t\t\t\t\t\t<div class=\"elementor-container elementor-column-gap-default\">\n\t\t\t\t\t<div class=\"elementor-column elementor-col-100 elementor-top-column elementor-element elementor-element-55538b3\" data-id=\"55538b3\" data-element_type=\"column\">\n\t\t\t<div class=\"elementor-widget-wrap elementor-element-populated\">\n\t\t\t\t\t\t<div class=\"elementor-element elementor-element-e54369c elementor-widget elementor-widget-image\" data-id=\"e54369c\" data-element_type=\"widget\" data-widget_type=\"image.default\">\n\t\t\t\t<div class=\"elementor-widget-container\">\n\t\t\t\t\t\t\t\t\t\t\t\t\t\t\t<img decoding=\"async\" width=\"725\" height=\"404\" src=\"https:\/\/www.cablesnavcar.com\/wordpress\/wp-content\/uploads\/2018\/11\/FERULA_Mesa-de-trabajo-1.jpg\" class=\"attachment-large size-large wp-image-21246\" alt=\"\" srcset=\"https:\/\/www.cablesnavcar.com\/wordpress\/wp-content\/uploads\/2018\/11\/FERULA_Mesa-de-trabajo-1.jpg 725w, https:\/\/www.cablesnavcar.com\/wordpress\/wp-content\/uploads\/2018\/11\/FERULA_Mesa-de-trabajo-1-300x167.jpg 300w\" sizes=\"(max-width: 725px) 100vw, 725px\" \/>\t\t\t\t\t\t\t\t\t\t\t\t\t\t\t<\/div>\n\t\t\t\t<\/div>\n\t\t\t\t\t<\/div>\n\t\t<\/div>\n\t\t\t\t\t<\/div>\n\t\t<\/section>\n\t\t\t\t<section class=\"elementor-section elementor-top-section elementor-element elementor-element-815ba1a elementor-section-boxed elementor-section-height-default elementor-section-height-default\" data-id=\"815ba1a\" data-element_type=\"section\">\n\t\t\t\t\t\t<div class=\"elementor-container elementor-column-gap-default\">\n\t\t\t\t\t<div class=\"elementor-column elementor-col-100 elementor-top-column elementor-element elementor-element-fb3e2b5\" data-id=\"fb3e2b5\" data-element_type=\"column\">\n\t\t\t<div class=\"elementor-widget-wrap elementor-element-populated\">\n\t\t\t\t\t\t<div class=\"elementor-element elementor-element-a1b5263 elementor-button-warning elementor-align-center elementor-widget elementor-widget-button\" data-id=\"a1b5263\" data-element_type=\"widget\" data-widget_type=\"button.default\">\n\t\t\t\t<div class=\"elementor-widget-container\">\n\t\t\t\t\t\t\t\t\t<div class=\"elementor-button-wrapper\">\n\t\t\t\t\t<a class=\"elementor-button elementor-button-link elementor-size-md\" href=\"http:\/\/www.cablesnavcar.com\/wordpress\/contacto\/\">\n\t\t\t\t\t\t<span class=\"elementor-button-content-wrapper\">\n\t\t\t\t\t\t<span class=\"elementor-button-icon\">\n\t\t\t\t\t\t\t\t\t<i class=\"fa fa-handshake-o\" aria-hidden=\"true\"><\/i>\n\t\t\t\t\t\t\t<\/span>\n\t\t\t\t\t\t\t\t\t<span class=\"elementor-button-text\">CONT\u00c1CTANOS! CON GUSTO TE ATENDEMOS<\/span>\n\t\t\t\t\t<\/span>\n\t\t\t\t\t<\/a>\n\t\t\t\t<\/div>\n\t\t\t\t\t\t\t\t<\/div>\n\t\t\t\t<\/div>\n\t\t\t\t\t<\/div>\n\t\t<\/div>\n\t\t\t\t\t<\/div>\n\t\t<\/section>\n\t\t\t\t<\/div>\n\t\t","protected":false},"excerpt":{"rendered":"<p>CASQUILLOS DE ALUMINIO PARA CABLE BOT\u00d3N DE TOPE EN ALUMINIO PARA CABLE F\u00c9RULAS CONT\u00c1CTANOS! CON GUSTO TE ATENDEMOS<\/p>\n","protected":false},"author":1,"featured_media":0,"parent":0,"menu_order":0,"comment_status":"closed","ping_status":"closed","template":"","meta":{"_joinchat":[],"footnotes":""},"class_list":["post-21243","page","type-page","status-publish","hentry"],"_links":{"self":[{"href":"https:\/\/www.cablesnavcar.com\/wordpress\/wp-json\/wp\/v2\/pages\/21243","targetHints":{"allow":["GET"]}}],"collection":[{"href":"https:\/\/www.cablesnavcar.com\/wordpress\/wp-json\/wp\/v2\/pages"}],"about":[{"href":"https:\/\/www.cablesnavcar.com\/wordpress\/wp-json\/wp\/v2\/types\/page"}],"author":[{"embeddable":true,"href":"https:\/\/www.cablesnavcar.com\/wordpress\/wp-json\/wp\/v2\/users\/1"}],"replies":[{"embeddable":true,"href":"https:\/\/www.cablesnavcar.com\/wordpress\/wp-json\/wp\/v2\/comments?post=21243"}],"version-history":[{"count":4,"href":"https:\/\/www.cablesnavcar.com\/wordpress\/wp-json\/wp\/v2\/pages\/21243\/revisions"}],"predecessor-version":[{"id":22185,"href":"https:\/\/www.cablesnavcar.com\/wordpress\/wp-json\/wp\/v2\/pages\/21243\/revisions\/22185"}],"wp:attachment":[{"href":"https:\/\/www.cablesnavcar.com\/wordpress\/wp-json\/wp\/v2\/media?parent=21243"}],"curies":[{"name":"wp","href":"https:\/\/api.w.org\/{rel}","templated":true}]}}