{"id":21844,"date":"2021-10-25T13:49:35","date_gmt":"2021-10-25T18:49:35","guid":{"rendered":"https:\/\/www.cablesnavcar.com\/wordpress\/?page_id=21844"},"modified":"2025-04-09T10:36:07","modified_gmt":"2025-04-09T15:36:07","slug":"inyeccion-de-plastico","status":"publish","type":"page","link":"https:\/\/www.cablesnavcar.com\/wordpress\/inyeccion-de-plastico\/","title":{"rendered":"Inyecci\u00f3n de Pl\u00e1stico"},"content":{"rendered":"\t\t<div data-elementor-type=\"wp-page\" data-elementor-id=\"21844\" class=\"elementor elementor-21844\">\n\t\t\t\t\t\t<section class=\"elementor-section elementor-top-section elementor-element elementor-element-e9f6093 elementor-section-boxed elementor-section-height-default elementor-section-height-default\" data-id=\"e9f6093\" data-element_type=\"section\">\n\t\t\t\t\t\t<div class=\"elementor-container elementor-column-gap-default\">\n\t\t\t\t\t<div class=\"elementor-column elementor-col-50 elementor-top-column elementor-element elementor-element-7f0af00\" data-id=\"7f0af00\" data-element_type=\"column\">\n\t\t\t<div class=\"elementor-widget-wrap elementor-element-populated\">\n\t\t\t\t\t\t<div class=\"elementor-element elementor-element-6a895bc elementor-align-center elementor-widget elementor-widget-button\" data-id=\"6a895bc\" data-element_type=\"widget\" data-widget_type=\"button.default\">\n\t\t\t\t<div class=\"elementor-widget-container\">\n\t\t\t\t\t\t\t\t\t<div class=\"elementor-button-wrapper\">\n\t\t\t\t\t<a class=\"elementor-button elementor-button-link elementor-size-md\" href=\"https:\/\/wa.link\/k8fkfi\" target=\"_blank\">\n\t\t\t\t\t\t<span class=\"elementor-button-content-wrapper\">\n\t\t\t\t\t\t<span class=\"elementor-button-icon\">\n\t\t\t\t<i aria-hidden=\"true\" class=\"fab fa-whatsapp\"><\/i>\t\t\t<\/span>\n\t\t\t\t\t\t\t\t\t<span class=\"elementor-button-text\">ESCR\u00cdBENOS A WHATSAPP<\/span>\n\t\t\t\t\t<\/span>\n\t\t\t\t\t<\/a>\n\t\t\t\t<\/div>\n\t\t\t\t\t\t\t\t<\/div>\n\t\t\t\t<\/div>\n\t\t\t\t\t<\/div>\n\t\t<\/div>\n\t\t\t\t<div class=\"elementor-column elementor-col-50 elementor-top-column elementor-element elementor-element-23c4a32\" data-id=\"23c4a32\" data-element_type=\"column\">\n\t\t\t<div class=\"elementor-widget-wrap elementor-element-populated\">\n\t\t\t\t\t\t<div class=\"elementor-element elementor-element-6a6e421 elementor-button-warning elementor-align-center elementor-widget elementor-widget-button\" data-id=\"6a6e421\" data-element_type=\"widget\" data-widget_type=\"button.default\">\n\t\t\t\t<div class=\"elementor-widget-container\">\n\t\t\t\t\t\t\t\t\t<div class=\"elementor-button-wrapper\">\n\t\t\t\t\t<a class=\"elementor-button elementor-button-link elementor-size-md\" href=\"https:\/\/www.cablesnavcar.com\/search\/\" target=\"_blank\">\n\t\t\t\t\t\t<span class=\"elementor-button-content-wrapper\">\n\t\t\t\t\t\t<span class=\"elementor-button-icon\">\n\t\t\t\t<i aria-hidden=\"true\" class=\"far fa-arrow-alt-circle-right\"><\/i>\t\t\t<\/span>\n\t\t\t\t\t\t\t\t\t<span class=\"elementor-button-text\">TIENDA ONLINE <\/span>\n\t\t\t\t\t<\/span>\n\t\t\t\t\t<\/a>\n\t\t\t\t<\/div>\n\t\t\t\t\t\t\t\t<\/div>\n\t\t\t\t<\/div>\n\t\t\t\t\t<\/div>\n\t\t<\/div>\n\t\t\t\t\t<\/div>\n\t\t<\/section>\n\t\t\t\t<section class=\"elementor-section elementor-top-section elementor-element elementor-element-b7f1a8c elementor-section-boxed elementor-section-height-default elementor-section-height-default\" data-id=\"b7f1a8c\" data-element_type=\"section\">\n\t\t\t\t\t\t<div class=\"elementor-container elementor-column-gap-default\">\n\t\t\t\t\t<div class=\"elementor-column elementor-col-100 elementor-top-column elementor-element elementor-element-077a610\" data-id=\"077a610\" data-element_type=\"column\">\n\t\t\t<div class=\"elementor-widget-wrap elementor-element-populated\">\n\t\t\t\t\t\t<div class=\"elementor-element elementor-element-4d1ea2f elementor-widget elementor-widget-heading\" data-id=\"4d1ea2f\" data-element_type=\"widget\" data-widget_type=\"heading.default\">\n\t\t\t\t<div class=\"elementor-widget-container\">\n\t\t\t\t\t<h1 class=\"elementor-heading-title elementor-size-default\">INYECCI\u00d3N DE PL\u00c1STICO<\/h1>\t\t\t\t<\/div>\n\t\t\t\t<\/div>\n\t\t\t\t\t<\/div>\n\t\t<\/div>\n\t\t\t\t\t<\/div>\n\t\t<\/section>\n\t\t\t\t<section class=\"elementor-section elementor-top-section elementor-element elementor-element-aeded5c elementor-section-boxed elementor-section-height-default elementor-section-height-default\" data-id=\"aeded5c\" data-element_type=\"section\">\n\t\t\t\t\t\t<div class=\"elementor-container elementor-column-gap-default\">\n\t\t\t\t\t<div class=\"elementor-column elementor-col-100 elementor-top-column elementor-element elementor-element-bb30fbe\" data-id=\"bb30fbe\" data-element_type=\"column\">\n\t\t\t<div class=\"elementor-widget-wrap elementor-element-populated\">\n\t\t\t\t\t\t<div class=\"elementor-element elementor-element-e4a9baf elementor-invisible elementor-widget elementor-widget-image\" data-id=\"e4a9baf\" data-element_type=\"widget\" data-settings=\"{&quot;_animation&quot;:&quot;fadeInDown&quot;}\" data-widget_type=\"image.default\">\n\t\t\t\t<div class=\"elementor-widget-container\">\n\t\t\t\t\t\t\t\t\t\t\t\t\t\t\t<img fetchpriority=\"high\" decoding=\"async\" width=\"2048\" height=\"620\" src=\"https:\/\/www.cablesnavcar.com\/wordpress\/wp-content\/uploads\/2021\/10\/SLIDER-PAGINA_Mesa-de-trabajo-1-copia-6-2048x620.jpg\" class=\"attachment-2048x2048 size-2048x2048 wp-image-21848\" alt=\"\" srcset=\"https:\/\/www.cablesnavcar.com\/wordpress\/wp-content\/uploads\/2021\/10\/SLIDER-PAGINA_Mesa-de-trabajo-1-copia-6-2048x620.jpg 2048w, https:\/\/www.cablesnavcar.com\/wordpress\/wp-content\/uploads\/2021\/10\/SLIDER-PAGINA_Mesa-de-trabajo-1-copia-6-300x91.jpg 300w, https:\/\/www.cablesnavcar.com\/wordpress\/wp-content\/uploads\/2021\/10\/SLIDER-PAGINA_Mesa-de-trabajo-1-copia-6-1024x310.jpg 1024w, https:\/\/www.cablesnavcar.com\/wordpress\/wp-content\/uploads\/2021\/10\/SLIDER-PAGINA_Mesa-de-trabajo-1-copia-6-768x233.jpg 768w, https:\/\/www.cablesnavcar.com\/wordpress\/wp-content\/uploads\/2021\/10\/SLIDER-PAGINA_Mesa-de-trabajo-1-copia-6-1536x465.jpg 1536w\" sizes=\"(max-width: 2048px) 100vw, 2048px\" \/>\t\t\t\t\t\t\t\t\t\t\t\t\t\t\t<\/div>\n\t\t\t\t<\/div>\n\t\t\t\t<div class=\"elementor-element elementor-element-07ffe8b animated-slow elementor-invisible elementor-widget elementor-widget-text-editor\" data-id=\"07ffe8b\" data-element_type=\"widget\" data-settings=\"{&quot;_animation&quot;:&quot;fadeInUp&quot;}\" data-widget_type=\"text-editor.default\">\n\t\t\t\t<div class=\"elementor-widget-container\">\n\t\t\t\t\t\t\t\t\t<p><span style=\"font-size: 14pt;\">Contamos con el servicio de inyecci\u00f3n de pl\u00e1stico respaldado por nuestra experiencia en el procesamiento de pl\u00e1stico de ingenier\u00eda, con un equipo capacitado y con tecnolog\u00eda de punta que nos permite garantizarle a nuestros clientes piezas de calidad. Desarrollamos t\u00fa proyecto de forma integral creando una propuesta de servicio completa que va desde el dise\u00f1o de la pieza hasta la producci\u00f3n en serie.<\/span><\/p>\t\t\t\t\t\t\t\t<\/div>\n\t\t\t\t<\/div>\n\t\t\t\t\t<\/div>\n\t\t<\/div>\n\t\t\t\t\t<\/div>\n\t\t<\/section>\n\t\t\t\t<section class=\"elementor-section elementor-top-section elementor-element elementor-element-a3c56f0 elementor-section-boxed elementor-section-height-default elementor-section-height-default\" data-id=\"a3c56f0\" data-element_type=\"section\">\n\t\t\t\t\t\t<div class=\"elementor-container elementor-column-gap-default\">\n\t\t\t\t\t<div class=\"elementor-column elementor-col-50 elementor-top-column elementor-element elementor-element-6c092f7\" data-id=\"6c092f7\" data-element_type=\"column\">\n\t\t\t<div class=\"elementor-widget-wrap elementor-element-populated\">\n\t\t\t\t\t\t<div class=\"elementor-element elementor-element-023667c animated-slow elementor-invisible elementor-widget elementor-widget-text-editor\" data-id=\"023667c\" data-element_type=\"widget\" data-settings=\"{&quot;_animation&quot;:&quot;fadeInLeft&quot;}\" data-widget_type=\"text-editor.default\">\n\t\t\t\t<div class=\"elementor-widget-container\">\n\t\t\t\t\t\t\t\t\t<p><span style=\"font-size: 14pt;\">PROCESO DE DESARROLLO:<\/span><\/p><p><span style=\"font-size: 18.6667px;\">\u2022 An\u00e1lisis del proyecto<\/span><\/p><p><span style=\"color: var( --e-global-color-text ); font-family: var( --e-global-typography-text-font-family ), Sans-serif; font-weight: var( --e-global-typography-text-font-weight ); font-size: 18.6667px;\">\u2022\u00a0<\/span><span style=\"color: var( --e-global-color-text ); font-family: var( --e-global-typography-text-font-family ), Sans-serif; font-weight: var( --e-global-typography-text-font-weight ); font-size: 18.6667px;\">Dise\u00f1o del producto (digital)<\/span><\/p><p><span style=\"font-size: 18.6667px;\">\u2022\u00a0<\/span><span style=\"color: var( --e-global-color-text ); font-family: var( --e-global-typography-text-font-family ), Sans-serif; font-weight: var( --e-global-typography-text-font-weight ); font-size: 18.6667px;\">Prototipo<\/span><span style=\"font-size: 18.6667px; color: var( --e-global-color-text ); font-family: var( --e-global-typography-text-font-family ), Sans-serif; font-weight: var( --e-global-typography-text-font-weight );\"><br \/><\/span><\/p><p><span style=\"font-size: 18.6667px;\">\u2022\u00a0<\/span><span style=\"color: var( --e-global-color-text ); font-family: var( --e-global-typography-text-font-family ), Sans-serif; font-weight: var( --e-global-typography-text-font-weight ); font-size: 18.6667px;\">Dise\u00f1o de molde<\/span><span style=\"color: var( --e-global-color-text ); font-family: var( --e-global-typography-text-font-family ), Sans-serif; font-weight: var( --e-global-typography-text-font-weight ); font-size: 18.6667px;\"><br \/><\/span><\/p><p><span style=\"font-size: 18.6667px;\">\u2022 Fabricaci\u00f3n del molde<\/span><span style=\"color: var( --e-global-color-text ); font-family: var( --e-global-typography-text-font-family ), Sans-serif; font-weight: var( --e-global-typography-text-font-weight ); font-size: 18.6667px;\"><br \/><\/span><\/p><p><span style=\"font-size: 18.6667px;\">\u2022 Pruebas<\/span><span style=\"font-size: 18.6667px;\"><br \/><\/span><\/p><p><span style=\"font-size: 18.6667px;\">\u2022 Producci\u00f3n<\/span><\/p><p>\u00a0<\/p>\t\t\t\t\t\t\t\t<\/div>\n\t\t\t\t<\/div>\n\t\t\t\t\t<\/div>\n\t\t<\/div>\n\t\t\t\t<div class=\"elementor-column elementor-col-50 elementor-top-column elementor-element elementor-element-2490975\" data-id=\"2490975\" data-element_type=\"column\">\n\t\t\t<div class=\"elementor-widget-wrap elementor-element-populated\">\n\t\t\t\t\t\t<div class=\"elementor-element elementor-element-736c4e8 elementor-invisible elementor-widget elementor-widget-image\" data-id=\"736c4e8\" data-element_type=\"widget\" data-settings=\"{&quot;_animation&quot;:&quot;fadeInRight&quot;}\" data-widget_type=\"image.default\">\n\t\t\t\t<div class=\"elementor-widget-container\">\n\t\t\t\t\t\t\t\t\t\t\t\t\t\t\t<img decoding=\"async\" width=\"800\" height=\"535\" src=\"https:\/\/www.cablesnavcar.com\/wordpress\/wp-content\/uploads\/2021\/10\/DSC_3525-1024x685.jpg\" class=\"attachment-large size-large wp-image-21853\" alt=\"\" srcset=\"https:\/\/www.cablesnavcar.com\/wordpress\/wp-content\/uploads\/2021\/10\/DSC_3525-1024x685.jpg 1024w, https:\/\/www.cablesnavcar.com\/wordpress\/wp-content\/uploads\/2021\/10\/DSC_3525-300x201.jpg 300w, https:\/\/www.cablesnavcar.com\/wordpress\/wp-content\/uploads\/2021\/10\/DSC_3525-768x514.jpg 768w, https:\/\/www.cablesnavcar.com\/wordpress\/wp-content\/uploads\/2021\/10\/DSC_3525-1536x1028.jpg 1536w, https:\/\/www.cablesnavcar.com\/wordpress\/wp-content\/uploads\/2021\/10\/DSC_3525-2048x1371.jpg 2048w, https:\/\/www.cablesnavcar.com\/wordpress\/wp-content\/uploads\/2021\/10\/DSC_3525-272x182.jpg 272w\" sizes=\"(max-width: 800px) 100vw, 800px\" \/>\t\t\t\t\t\t\t\t\t\t\t\t\t\t\t<\/div>\n\t\t\t\t<\/div>\n\t\t\t\t\t<\/div>\n\t\t<\/div>\n\t\t\t\t\t<\/div>\n\t\t<\/section>\n\t\t\t\t<section class=\"elementor-section elementor-top-section elementor-element elementor-element-e8a44dc elementor-section-boxed elementor-section-height-default elementor-section-height-default\" data-id=\"e8a44dc\" data-element_type=\"section\">\n\t\t\t\t\t\t<div class=\"elementor-container elementor-column-gap-default\">\n\t\t\t\t\t<div class=\"elementor-column elementor-col-100 elementor-top-column elementor-element elementor-element-fb893bb\" data-id=\"fb893bb\" data-element_type=\"column\">\n\t\t\t<div class=\"elementor-widget-wrap elementor-element-populated\">\n\t\t\t\t\t\t<div class=\"elementor-element elementor-element-e89d3c3 elementor-invisible elementor-widget elementor-widget-image\" data-id=\"e89d3c3\" data-element_type=\"widget\" data-settings=\"{&quot;_animation&quot;:&quot;rollIn&quot;}\" data-widget_type=\"image.default\">\n\t\t\t\t<div class=\"elementor-widget-container\">\n\t\t\t\t\t\t\t\t\t\t\t\t\t\t\t<img decoding=\"async\" width=\"2048\" height=\"620\" src=\"https:\/\/www.cablesnavcar.com\/wordpress\/wp-content\/uploads\/2021\/10\/SLIDER-PAGINA_Mesa-de-trabajo-1-copia-7-2048x620.jpg\" class=\"attachment-2048x2048 size-2048x2048 wp-image-21861\" alt=\"\" srcset=\"https:\/\/www.cablesnavcar.com\/wordpress\/wp-content\/uploads\/2021\/10\/SLIDER-PAGINA_Mesa-de-trabajo-1-copia-7-2048x620.jpg 2048w, https:\/\/www.cablesnavcar.com\/wordpress\/wp-content\/uploads\/2021\/10\/SLIDER-PAGINA_Mesa-de-trabajo-1-copia-7-300x91.jpg 300w, https:\/\/www.cablesnavcar.com\/wordpress\/wp-content\/uploads\/2021\/10\/SLIDER-PAGINA_Mesa-de-trabajo-1-copia-7-1024x310.jpg 1024w, https:\/\/www.cablesnavcar.com\/wordpress\/wp-content\/uploads\/2021\/10\/SLIDER-PAGINA_Mesa-de-trabajo-1-copia-7-768x233.jpg 768w, https:\/\/www.cablesnavcar.com\/wordpress\/wp-content\/uploads\/2021\/10\/SLIDER-PAGINA_Mesa-de-trabajo-1-copia-7-1536x465.jpg 1536w\" sizes=\"(max-width: 2048px) 100vw, 2048px\" \/>\t\t\t\t\t\t\t\t\t\t\t\t\t\t\t<\/div>\n\t\t\t\t<\/div>\n\t\t\t\t\t<\/div>\n\t\t<\/div>\n\t\t\t\t\t<\/div>\n\t\t<\/section>\n\t\t\t\t<section class=\"elementor-section elementor-top-section elementor-element elementor-element-274f6a7 elementor-section-boxed elementor-section-height-default elementor-section-height-default\" data-id=\"274f6a7\" data-element_type=\"section\">\n\t\t\t\t\t\t<div class=\"elementor-container elementor-column-gap-default\">\n\t\t\t\t\t<div class=\"elementor-column elementor-col-100 elementor-top-column elementor-element elementor-element-d655409\" data-id=\"d655409\" data-element_type=\"column\">\n\t\t\t<div class=\"elementor-widget-wrap elementor-element-populated\">\n\t\t\t\t\t\t<section class=\"elementor-section elementor-inner-section elementor-element elementor-element-4f48c3e elementor-section-boxed elementor-section-height-default elementor-section-height-default\" data-id=\"4f48c3e\" data-element_type=\"section\">\n\t\t\t\t\t\t<div class=\"elementor-container elementor-column-gap-default\">\n\t\t\t\t\t<div class=\"elementor-column elementor-col-100 elementor-inner-column elementor-element elementor-element-d2597b9\" data-id=\"d2597b9\" data-element_type=\"column\">\n\t\t\t<div class=\"elementor-widget-wrap\">\n\t\t\t\t\t\t\t<\/div>\n\t\t<\/div>\n\t\t\t\t\t<\/div>\n\t\t<\/section>\n\t\t\t\t\t<\/div>\n\t\t<\/div>\n\t\t\t\t\t<\/div>\n\t\t<\/section>\n\t\t\t\t<\/div>\n\t\t","protected":false},"excerpt":{"rendered":"<p>ESCR\u00cdBENOS A WHATSAPP TIENDA ONLINE INYECCI\u00d3N DE PL\u00c1STICO Contamos con el servicio de inyecci\u00f3n de pl\u00e1stico respaldado por nuestra experiencia en el procesamiento de pl\u00e1stico de ingenier\u00eda, con un equipo &#8230;<\/p>\n","protected":false},"author":1,"featured_media":0,"parent":0,"menu_order":0,"comment_status":"closed","ping_status":"closed","template":"","meta":{"_joinchat":[],"footnotes":""},"class_list":["post-21844","page","type-page","status-publish","hentry"],"_links":{"self":[{"href":"https:\/\/www.cablesnavcar.com\/wordpress\/wp-json\/wp\/v2\/pages\/21844","targetHints":{"allow":["GET"]}}],"collection":[{"href":"https:\/\/www.cablesnavcar.com\/wordpress\/wp-json\/wp\/v2\/pages"}],"about":[{"href":"https:\/\/www.cablesnavcar.com\/wordpress\/wp-json\/wp\/v2\/types\/page"}],"author":[{"embeddable":true,"href":"https:\/\/www.cablesnavcar.com\/wordpress\/wp-json\/wp\/v2\/users\/1"}],"replies":[{"embeddable":true,"href":"https:\/\/www.cablesnavcar.com\/wordpress\/wp-json\/wp\/v2\/comments?post=21844"}],"version-history":[{"count":28,"href":"https:\/\/www.cablesnavcar.com\/wordpress\/wp-json\/wp\/v2\/pages\/21844\/revisions"}],"predecessor-version":[{"id":22149,"href":"https:\/\/www.cablesnavcar.com\/wordpress\/wp-json\/wp\/v2\/pages\/21844\/revisions\/22149"}],"wp:attachment":[{"href":"https:\/\/www.cablesnavcar.com\/wordpress\/wp-json\/wp\/v2\/media?parent=21844"}],"curies":[{"name":"wp","href":"https:\/\/api.w.org\/{rel}","templated":true}]}}